{"id":238,"date":"2023-03-20T18:35:35","date_gmt":"2023-03-20T18:35:35","guid":{"rendered":"https:\/\/www.beerrestaurant.cz\/?page_id=238"},"modified":"2024-03-05T13:08:23","modified_gmt":"2024-03-05T13:08:23","slug":"menu-ru","status":"publish","type":"page","link":"https:\/\/www.beerrestaurant.cz\/en\/u-zlateho-hada\/menu-ru\/","title":{"rendered":"U Zlat\u00e9ho Hada Menu RU"},"content":{"rendered":"\t\t<div data-elementor-type=\"wp-page\" data-elementor-id=\"238\" class=\"elementor elementor-238\" data-elementor-post-type=\"page\">\n\t\t\t\t<div class=\"elementor-element elementor-element-e554e5c e-flex e-con-boxed e-con e-parent\" data-id=\"e554e5c\" data-element_type=\"container\" data-settings=\"{&quot;_ob_use_container_extras&quot;:&quot;no&quot;,&quot;_ob_column_hoveranimator&quot;:&quot;no&quot;,&quot;_ob_glider_is_slider&quot;:&quot;no&quot;,&quot;_ob_column_has_pseudo&quot;:&quot;no&quot;}\">\n\t\t\t\t\t<div class=\"e-con-inner\">\n\t\t<div class=\"elementor-element elementor-element-4d78d58 e-con-full e-flex e-con e-parent\" data-id=\"4d78d58\" data-element_type=\"container\" data-settings=\"{&quot;_ob_use_container_extras&quot;:&quot;no&quot;,&quot;_ob_column_hoveranimator&quot;:&quot;no&quot;,&quot;_ob_glider_is_slider&quot;:&quot;no&quot;,&quot;_ob_column_has_pseudo&quot;:&quot;no&quot;}\">\n\t\t\t\t<div class=\"elementor-element elementor-element-88c1ac4 ob-harakiri-inherit ob-has-background-overlay elementor-widget elementor-widget-heading\" data-id=\"88c1ac4\" data-element_type=\"widget\" data-settings=\"{&quot;_ob_use_harakiri&quot;:&quot;yes&quot;,&quot;_ob_harakiri_writing_mode&quot;:&quot;inherit&quot;,&quot;_ob_harakiri_text_clip&quot;:&quot;none&quot;,&quot;_ob_widget_stalker_use&quot;:&quot;no&quot;,&quot;_ob_poopart_use&quot;:&quot;yes&quot;,&quot;_ob_shadough_use&quot;:&quot;no&quot;,&quot;_ob_allow_hoveranimator&quot;:&quot;no&quot;}\" data-widget_type=\"heading.default\">\n\t\t\t\t<div class=\"elementor-widget-container\">\n\t\t\t\t\t<h1 class=\"elementor-heading-title elementor-size-default\">\u041c\u0435\u043d\u044e<\/h1>\t\t\t\t<\/div>\n\t\t\t\t<\/div>\n\t\t\t\t<div class=\"elementor-element elementor-element-4540ab0 elementor-widget__width-initial ob-has-background-overlay elementor-widget elementor-widget-image\" data-id=\"4540ab0\" data-element_type=\"widget\" data-settings=\"{&quot;_ob_photomorph_use&quot;:&quot;no&quot;,&quot;_ob_widget_stalker_use&quot;:&quot;no&quot;,&quot;_ob_poopart_use&quot;:&quot;yes&quot;,&quot;_ob_shadough_use&quot;:&quot;no&quot;,&quot;_ob_allow_hoveranimator&quot;:&quot;no&quot;}\" data-widget_type=\"image.default\">\n\t\t\t\t<div class=\"elementor-widget-container\">\n\t\t\t\t\t\t\t\t\t\t\t\t\t\t\t<img fetchpriority=\"high\" decoding=\"async\" width=\"800\" height=\"480\" src=\"https:\/\/www.beerrestaurant.cz\/wp-content\/uploads\/2022\/06\/Flag_of_Russia.svg\" class=\"attachment-large size-large wp-image-105\" alt=\"\" \/>\t\t\t\t\t\t\t\t\t\t\t\t\t\t\t<\/div>\n\t\t\t\t<\/div>\n\t\t\t\t<\/div>\n\t\t\t\t<div class=\"elementor-element elementor-element-9709a8b ob-has-background-overlay elementor-widget elementor-widget-shortcode\" data-id=\"9709a8b\" data-element_type=\"widget\" data-settings=\"{&quot;_ob_widget_stalker_use&quot;:&quot;no&quot;,&quot;_ob_poopart_use&quot;:&quot;yes&quot;,&quot;_ob_shadough_use&quot;:&quot;no&quot;,&quot;_ob_allow_hoveranimator&quot;:&quot;no&quot;}\" data-widget_type=\"shortcode.default\">\n\t\t\t\t<div class=\"elementor-widget-container\">\n\t\t\t\t\t\t\t<div class=\"elementor-shortcode\">\n<table id=\"tablepress-11\" class=\"tablepress tablepress-id-11 tbody-has-connected-cells\">\n<thead>\n<tr class=\"row-1\">\n\t<th colspan=\"2\" class=\"column-1\">\u0417\u0430\u043a\u0443\u0441\u043a\u0438<\/th>\n<\/tr>\n<\/thead>\n<tbody class=\"row-striping row-hover\">\n<tr class=\"row-2\">\n\t<td class=\"column-1\">\u0417\u0430\u043f\u0435\u0447\u0435\u043d\u043d\u044b\u0435 \u0432 \u0447\u0435\u0440\u043d\u043e\u043c \u043f\u0438\u0432\u0435 \u0441\u0432\u0438\u043d\u044b\u0435 \u043a\u043e\u043b\u0431\u0430\u0441\u043a\u0438 \u0432 \u0441\u043b\u0435\u0433\u043a\u0430 \u043e\u0441\u0442\u0440\u043e\u043c \u043e\u0432\u043e\u0449\u043d\u043e\u043c \u0441\u043e\u0443\u0441\u0435. \u041f\u043e\u0434\u0430\u044e\u0442\u0441\u044f \u0441\u043e \u0441\u0432\u0435\u0436\u0438\u043c \u0445\u043b\u0435\u0431\u043e\u043c.<\/td><td class=\"column-2\">235,-<\/td>\n<\/tr>\n<tr class=\"row-3\">\n\t<td class=\"column-1\">\u0422\u0430\u0440\u0442\u0430\u0440 \u0438\u0437 \u0441\u0442\u0435\u0439\u043a\u0430, \u043f\u0440\u0438\u0433\u043e\u0442\u043e\u0432\u043b\u0435\u043d\u043d\u044b\u0439 \u043f\u043e \u0437\u0430\u043a\u0430\u0437\u0443 \u0438\u0437 \u043d\u0430\u0441\u0442\u043e\u044f\u0449\u0435\u0439 \u0433\u043e\u0432\u044f\u0436\u044c\u0435\u0439 \u0432\u044b\u0440\u0435\u0437\u043a\u0438. \u041f\u043e\u0434\u0430\u0435\u0442\u0441\u044f \u0441 \u0442\u043e\u0441\u0442\u0430\u043c\u0438.<\/td><td class=\"column-2\">345,-<\/td>\n<\/tr>\n<tr class=\"row-4\">\n\t<td class=\"column-1\">\u0421\u044b\u0440 \u043a\u0430\u043c\u0430\u043c\u0431\u0435\u0440 \u043f\u0440\u0438\u0433\u043e\u0442\u043e\u0432\u043b\u0435\u043d\u043d\u044b\u0439 \u043d\u0430 \u0433\u0440\u0438\u043b\u0435 \u0441 \u0441\u0430\u043b\u0430\u0442\u043e\u043c, \u0441\u043e\u0443\u0441\u043e\u043c \u0438\u0437 \u043a\u043b\u044e\u043a\u0432\u044b \u0438 \u043c\u0430\u043b\u0438\u043d\u044b \u0438 \u0445\u043b\u0435\u0431\u043e\u043c.<\/td><td class=\"column-2\">205,-<\/td>\n<\/tr>\n<tr class=\"row-5\">\n\t<td class=\"column-1\">\u041a\u0443\u0441\u043e\u0447\u043a\u0438 \u043a\u043e\u043b\u0431\u0430\u0441\u044b \u0441 \u043f\u0435\u0440\u0446\u0435\u043c \u043d\u0430 \u0433\u0440\u0438\u043b\u0435. \u041f\u043e\u0434\u0430\u044e\u0442\u0441\u044f \u0441 \u043c\u0430\u0440\u0438\u043d\u043e\u0432\u0430\u043d\u043d\u044b\u043c \u043e\u0433\u0443\u0440\u0446\u043e\u043c, \u0433\u043e\u0440\u0447\u0438\u0446\u0435\u0439, \u0445\u0440\u0435\u043d\u043e\u043c \u0438 \u0441\u0432\u0435\u0436\u0438\u043c \u0445\u043b\u0435\u0431\u043e\u043c.<\/td><td class=\"column-2\">235,-<\/td>\n<\/tr>\n<tr class=\"row-6\">\n\t<td class=\"column-1\">\u041e\u0431\u0436\u0430\u0440\u0435\u043d\u043d\u044b\u0435 \u043a\u0443\u0440\u0438\u043d\u044b\u0435 \u0448\u043d\u0438\u0446\u0435\u043b\u0438 \u0434\u043e \u0437\u043e\u043b\u043e\u0442\u0438\u0441\u0442\u043e\u0433\u043e \u0446\u0432\u0435\u0442\u0430. \u041f\u043e\u0434\u0430\u0435\u0442\u0441\u044f \u0441 \u043c\u0430\u0440\u0438\u043d\u043e\u0432\u0430\u043d\u043d\u044b\u043c\u0438 \u043e\u0432\u043e\u0449\u0430\u043c\u0438.<\/td><td class=\"column-2\">225,-<\/td>\n<\/tr>\n<tr class=\"row-7\">\n\t<td colspan=\"2\" class=\"column-1\">\u0421\u0443\u043f<\/td>\n<\/tr>\n<tr class=\"row-8\">\n\t<td class=\"column-1\">\u0422\u0440\u0430\u0434\u0438\u0446\u0438\u043e\u043d\u043d\u044b\u0439 \u0441\u0443\u043f \u0438\u0437 \u043a\u0430\u043f\u0443\u0441\u0442\u044b \u0441 \u043a\u043e\u043b\u0431\u0430\u0441\u043e\u0439, \u043a\u0430\u0440\u0442\u043e\u0444\u0435\u043b\u0435\u043c \u0438 \u0441\u043c\u0435\u0442\u0430\u043d\u043e\u0439.<\/td><td class=\"column-2\">135,-<\/td>\n<\/tr>\n<tr class=\"row-9\">\n\t<td class=\"column-1\">\u0422\u0440\u0430\u0434\u0438\u0446\u0438\u043e\u043d\u043d\u044b\u0439 \u0441\u0443\u043f \u0438\u0437 \u043a\u0430\u043f\u0443\u0441\u0442\u044b \u0441 \u043a\u043e\u043b\u0431\u0430\u0441\u043e\u0439, \u043a\u0430\u0440\u0442\u043e\u0444\u0435\u043b\u0435\u043c \u0438 \u0441\u043c\u0435\u0442\u0430\u043d\u043e\u0439, \u043a\u043e\u0442\u043e\u0440\u044b\u0439 \u043f\u043e\u0434\u0430\u0435\u0442\u0441\u044f \u0432 \u043f\u043e\u0434\u043e\u0433\u0440\u0435\u0442\u043e\u043c \u0445\u043b\u0435\u0431\u0435.<\/td><td class=\"column-2\">195.-<\/td>\n<\/tr>\n<tr class=\"row-10\">\n\t<td class=\"column-1\">\u0422\u0440\u0430\u0434\u0438\u0446\u0438\u043e\u043d\u043d\u044b\u0439 \u0447\u0435\u0441\u043d\u043e\u0447\u043d\u044b\u0439 \u0441\u0443\u043f \u0441 \u0441\u044b\u0440\u043e\u043c, \u043a\u0430\u0440\u0442\u043e\u0444\u0435\u043b\u0435\u043c, \u0431\u0435\u043a\u043e\u043d\u043e\u043c \u0438 \u0445\u043b\u0435\u0431\u043d\u044b\u043c\u0438 \u0433\u0440\u0435\u043d\u043a\u0430\u043c\u0438.<\/td><td class=\"column-2\">125,-<\/td>\n<\/tr>\n<tr class=\"row-11\">\n\t<td colspan=\"2\" class=\"column-1\">\u0421\u0430\u043b\u0430\u0442\u044b<\/td>\n<\/tr>\n<tr class=\"row-12\">\n\t<td class=\"column-1\">\u041a\u043b\u0430\u0441\u0441\u0438\u0447\u0435\u0441\u043a\u0438\u0439 \u0448\u043e\u043f\u0441\u043a\u0438\u0439 \u0441\u0430\u043b\u0430\u0442 \u2013 \u0441\u0432\u0435\u0436\u0438\u0435 \u043f\u043e\u043c\u0438\u0434\u043e\u0440\u044b, \u043e\u0433\u0443\u0440\u0446\u044b \u0438 \u043f\u0435\u0440\u0435\u0446 \u0441 \u043e\u043b\u0438\u0432\u043a\u043e\u0432\u044b\u043c \u043c\u0430\u0441\u043b\u043e\u043c \u0438 \u0431\u0430\u043b\u043a\u0430\u043d\u0441\u043a\u0438\u043c \u0441\u044b\u0440\u043e\u043c.<\/td><td class=\"column-2\">155,-\/255,-<\/td>\n<\/tr>\n<tr class=\"row-13\">\n\t<td class=\"column-1\">\u0421\u0430\u043b\u0430\u0442 \u0426\u0435\u0437\u0430\u0440\u044c \u0441 \u0434\u043e\u043c\u0430\u0448\u043d\u0435\u0439 \u0437\u0430\u043f\u0440\u0430\u0432\u043a\u043e\u0439, \u0433\u0440\u0435\u043d\u043a\u0430\u043c\u0438 \u0438 \u043f\u0430\u0440\u043c\u0435\u0437\u0430\u043d\u043e\u043c. \/ \u0421 \u0436\u0430\u0440\u0435\u043d\u043e\u0439 \u043d\u0430 \u0433\u0440\u0438\u043b\u0435 \u043a\u0443\u0440\u0438\u043d\u043e\u0439 \u0433\u0440\u0443\u0434\u043a\u043e\u0439.<\/td><td class=\"column-2\">245,-\/315,-<\/td>\n<\/tr>\n<tr class=\"row-14\">\n\t<td class=\"column-1\">\u0412\u0441\u0435\u043c\u0438 \u043b\u044e\u0431\u0438\u043c\u044b\u0439 \u0441\u0430\u043b\u0430\u0442 \u0438\u0437 \u0431\u0435\u043b\u043e\u043a\u043e\u0447\u0430\u043d\u043d\u043e\u0439 \u0438 \u043a\u0440\u0430\u0441\u043d\u043e\u043a\u043e\u0447\u0430\u043d\u043d\u043e\u0439 \u043a\u0430\u043f\u0443\u0441\u0442\u044b.<\/td><td class=\"column-2\">95.-<\/td>\n<\/tr>\n<tr class=\"row-15\">\n\t<td colspan=\"2\" class=\"column-1\">\u0427\u0435\u0448\u0441\u043a\u0438\u0435 \u0434\u0435\u043b\u0438\u043a\u0430\u0442\u0435\u0441\u044b<\/td>\n<\/tr>\n<tr class=\"row-16\">\n\t<td class=\"column-1\">\u041d\u0435\u0436\u043d\u043e\u0435 \u043d\u0430 \u0432\u043a\u0443\u0441 \u0437\u0430\u043f\u0435\u0447\u0435\u043d\u043d\u043e\u0435 \u0441\u0432\u0438\u043d\u043e\u0435 \u043a\u043e\u043b\u0435\u043d\u043e, \u043f\u043e\u0434\u0430\u0435\u0442\u0441\u044f \u0441 \u043c\u0430\u0440\u0438\u043d\u043e\u0432\u0430\u043d\u043d\u044b\u043c\u0438 \u043e\u0432\u043e\u0449\u0430\u043c\u0438, \u0441\u0430\u043b\u0430\u0442\u043e\u043c \u0438\u0437 \u043a\u0430\u043f\u0443\u0441\u0442\u044b, \u0433\u043e\u0440\u0447\u0438\u0446\u0435\u0439, \u0445\u0440\u0435\u043d\u043e\u043c \u0438 \u0441\u0432\u0435\u0436\u0438\u043c \u0445\u043b\u0435\u0431\u043e\u043c.<\/td><td class=\"column-2\">625,-<\/td>\n<\/tr>\n<tr class=\"row-17\">\n\t<td class=\"column-1\">\u0413\u043e\u0432\u044f\u0436\u0438\u0439 \u0433\u0443\u043b\u044f\u0448 \u0438\u0437 \u0440\u0443\u043b\u044c\u043a\u0438, \u0442\u0443\u0448\u0435\u043d\u043e\u0439 \u0432 \u043f\u0438\u0432\u0435. \u041f\u043e\u0434\u0430\u0435\u0442\u0441\u044f \u0441 \u043b\u0443\u043a\u043e\u043c, \u043e\u0441\u0442\u0440\u044b\u043c \u043f\u0435\u0440\u0446\u0435\u043c \u0438 \u0434\u043e\u043c\u0430\u0448\u043d\u0438\u043c \u043a\u043d\u0435\u0434\u043b\u0438\u043a\u043e\u043c \u0438\u0437 \u0442\u0435\u0441\u0442\u0430.<\/td><td class=\"column-2\">385,-<\/td>\n<\/tr>\n<tr class=\"row-18\">\n\t<td class=\"column-1\">\u0413\u043e\u0432\u044f\u0436\u0438\u0439 \u0433\u0443\u043b\u044f\u0448 \u0438\u0437 \u0440\u0443\u043b\u044c\u043a\u0438, \u0442\u0443\u0448\u0435\u043d\u043e\u0439 \u0432 \u043f\u0438\u0432\u0435. \u041f\u043e\u0434\u0430\u0435\u0442\u0441\u044f \u0441 \u043b\u0443\u043a\u043e\u043c \u0438 \u043e\u0441\u0442\u0440\u044b\u043c \u043f\u0435\u0440\u0446\u0435\u043c \u0432 \u043f\u043e\u0434\u043e\u0433\u0440\u0435\u0442\u043e\u043c \u0445\u043b\u0435\u0431\u0435.<\/td><td class=\"column-2\">445,-<\/td>\n<\/tr>\n<tr class=\"row-19\">\n\t<td class=\"column-1\">\u0417\u0430\u043f\u0435\u0447\u0435\u043d\u043d\u0430\u044f \u0443\u0442\u0438\u043d\u0430\u044f \u043d\u043e\u0436\u043a\u0430. \u041f\u043e\u0434\u0430\u0435\u0442\u0441\u044f \u0441 \u043a\u0440\u0430\u0441\u043d\u043e\u043a\u043e\u0447\u0430\u043d\u043d\u043e\u0439 \u043a\u0430\u043f\u0443\u0441\u0442\u043e\u0439, \u043a\u0430\u0440\u0442\u043e\u0444\u0435\u043b\u044c\u043d\u044b\u043c \u043a\u043d\u0435\u0434\u043b\u0438\u043a\u043e\u043c \u0438 \u043a\u043d\u0435\u0434\u043b\u0438\u043a\u043e\u043c \u0438\u0437 \u0442\u0435\u0441\u0442\u0430.<\/td><td class=\"column-2\">485,-<\/td>\n<\/tr>\n<tr class=\"row-20\">\n\t<td class=\"column-1\">\u041a\u0443\u0440\u0438\u043d\u044b\u0435 \u0448\u043d\u0438\u0446\u0435\u043b\u0438 \u043e\u0431\u0436\u0430\u0440\u0438\u0432\u0430\u0435\u043c \u0434\u043e \u0437\u043e\u043b\u043e\u0442\u0438\u0441\u0442\u043e\u0433\u043e \u0446\u0432\u0435\u0442\u0430. \u041f\u043e\u0434\u0430\u0435\u0442\u0441\u044f \u0441 \u0434\u043e\u043c\u0430\u0448\u043d\u0438\u043c \u043a\u0430\u0440\u0442\u043e\u0444\u0435\u043b\u044c\u043d\u044b\u043c \u0441\u0430\u043b\u0430\u0442\u043e\u043c.<\/td><td class=\"column-2\">355,-<\/td>\n<\/tr>\n<tr class=\"row-21\">\n\t<td class=\"column-1\">\u0421\u0432\u0438\u043d\u0438\u043d\u0430 \u2013 \u043a\u043d\u0435\u0434\u043b\u0438\u043a\u0438 \u2013 \u043a\u0430\u043f\u0443\u0441\u0442\u0430. \u0417\u0430\u043f\u0435\u0447\u0435\u043d\u043d\u0430\u044f \u0448\u0435\u044f, \u0442\u0443\u0448\u0435\u043d\u0430\u044f \u043a\u0430\u043f\u0443\u0441\u0442\u0430, \u043a\u0430\u0440\u0442\u043e\u0444\u0435\u043b\u044c\u043d\u044b\u0439 \u043a\u043d\u0435\u0434\u043b\u0438\u043a \u0438 \u043a\u043d\u0435\u0434\u043b\u0438\u043a \u0438\u0437 \u0442\u0435\u0441\u0442\u0430.<\/td><td class=\"column-2\">355,-<\/td>\n<\/tr>\n<tr class=\"row-22\">\n\t<td class=\"column-1\">\u041f\u043e\u0434\u0436\u0430\u0440\u0435\u043d\u043d\u044b\u0439 \u0434\u043e \u0437\u043e\u043b\u043e\u0442\u0438\u0441\u0442\u043e\u0439 \u043a\u043e\u0440\u043e\u0447\u043a\u0438 \u043a\u0430\u043c\u0430\u043c\u0431\u0435\u0440 \u0441 \u0445\u0440\u0443\u0441\u0442\u044f\u0449\u0438\u043c \u043a\u0430\u0440\u0442\u043e\u0444\u0435\u043b\u0435\u043c \u0444\u0440\u0438 \u0438 \u0434\u043e\u043c\u0430\u0448\u043d\u0438\u043c \u0441\u043e\u0443\u0441\u043e\u043c \u0442\u0430\u0440\u0442\u0430\u0440.<\/td><td class=\"column-2\">325,-<\/td>\n<\/tr>\n<tr class=\"row-23\">\n\t<td class=\"column-1\">Sv\u00ed\u010dkov\u00e1\" -\u0413\u043e\u0432\u044f\u0436\u044c\u044f \u0432\u044b\u0440\u0435\u0437\u043a\u0430 \u0432 \u0441\u043b\u0438\u0432\u043e\u0447\u043d\u043e\u043c \u0441\u043e\u0443\u0441\u0435, \u043f\u043e\u0434\u0430\u0432\u0430\u0435\u043c\u0430\u044f \u0441 \u0440\u0430\u0437\u043d\u043e\u043e\u0431\u0440\u0430\u0437\u043d\u044b\u043c\u0438 \u0434\u043e\u043c\u0430\u0448\u043d\u0438\u043c\u0438 \u043a\u043b\u0435\u0446\u043a\u0430\u043c\u0438 \u0438 \u043a\u043b\u044e\u043a\u0432\u0435\u043d\u043d\u044b\u043c \u0441\u043e\u0443\u0441\u043e\u043c.<\/td><td class=\"column-2\">395,-<\/td>\n<\/tr>\n<tr class=\"row-24\">\n\t<td colspan=\"2\" class=\"column-1\">\u0411\u043e\u043b\u044c\u0448\u043e\u0435 \u0437\u0430\u0441\u0442\u043e\u043b\u044c\u0435<br>\u0421\u0431\u043e\u0440\u043d\u044b\u0435 \u0431\u043b\u044e\u0434\u0430 - \u0434\u043b\u044f 4-6 \u0447\u0435\u043b\u043e\u0432\u0435\u043a<\/td>\n<\/tr>\n<tr class=\"row-25\">\n\t<td class=\"column-1\">\u0421\u0442\u0430\u0440\u043e\u0447\u0435\u0448\u0441\u043a\u043e\u0435 \u0441\u0431\u043e\u0440\u043d\u043e\u0435 \u0431\u043b\u044e\u0434\u043e - \u0417\u0430\u043f\u0435\u0447\u0435\u043d\u043d\u0430\u044f \u043d\u0430 \u043c\u0435\u0434\u043b\u0435\u043d\u043d\u043e\u043c \u043e\u0433\u043d\u0435 \u0441\u0432\u0438\u043d\u0430\u044f \u0440\u0443\u043b\u044c\u043a\u0430, \u0436\u0430\u0440\u0435\u043d\u044b\u0435 \u0443\u0442\u0438\u043d\u044b\u0435 \u043d\u043e\u0436\u043a\u0438, \u043d\u0435\u0436\u043d\u0430\u044f \u043d\u0430 \u0432\u043a\u0443\u0441 \u0437\u0430\u043f\u0435\u0447\u0435\u043d\u043d\u0430\u044f \u0448\u0435\u044f, \u043a\u043e\u043b\u0431\u0430\u0441\u043a\u0438 \u0432 \u0447\u0435\u0440\u043d\u043e\u043c \u043f\u0438\u0432\u0435, \u043e\u0432\u043e\u0449\u0438 \u043d\u0430 \u0433\u0440\u0438\u043b\u0435, \u043a\u0430\u0440\u0442\u043e\u0444\u0435\u043b\u044c \u0413\u0440\u0435\u043d\u0430\u0439, \u0442\u0443\u0448\u0435\u043d\u0430\u044f  \u043a\u0440\u0430\u0441\u043d\u043e\u043a\u043e\u0447\u0430\u043d\u043d\u0430\u044f \u0438 \u0431\u0435\u043b\u043e\u043a\u043e\u0447\u0430\u043d\u043d\u0430\u044f \u043a\u0430\u043f\u0443\u0441\u0442\u0430, \u0441\u043e\u0443\u0441 \u0434\u0435\u043c\u0438-\u0433\u043b\u0430\u0441 \u0438 \u0432\u0430\u0440\u0438\u0430\u0446\u0438\u044f \u043a\u043d\u0435\u0434\u043b\u0438\u043a\u043e\u0432.<\/td><td class=\"column-2\">3799,-<\/td>\n<\/tr>\n<tr class=\"row-26\">\n\t<td class=\"column-1\">\u0421\u0431\u043e\u0440\u043d\u043e\u0435 \u0431\u043b\u044e\u0434\u043e \u0436\u0430\u0440\u0435\u043d\u044b\u0445 \u0434\u0435\u043b\u0438\u043a\u0430\u0442\u0435\u0441\u043e\u0432 - \u0428\u0430\u0448\u043b\u044b\u043a \u0438\u0437 \u043c\u0430\u0440\u0438\u043d\u043e\u0432\u0430\u043d\u043d\u043e\u0439 \u0441\u0432\u0438\u043d\u043e\u0439 \u0432\u044b\u0440\u0435\u0437\u043a\u0438, \u0431\u0435\u043a\u043e\u043d\u0430, \u043a\u0443\u0440\u0438\u043d\u043e\u0439 \u0433\u0440\u0443\u0434\u043a\u0438 \u0438 \u043e\u0432\u043e\u0449\u0435\u0439, \u0436\u0430\u0440\u0435\u043d\u044b\u0435 \u043d\u0430 \u043c\u0435\u0434\u043b\u0435\u043d\u043d\u043e\u043c \u043e\u0433\u043d\u0435 \u0441\u0432\u0438\u043d\u044b\u0435 \u0440\u0435\u0431\u0440\u044b\u0448\u043a\u0438,  \u043a\u0443\u0441\u043e\u0447\u043a\u0438 \u043a\u043e\u043b\u0431\u0430\u0441\u044b \u0441 \u043f\u0435\u0440\u0446\u0435\u043c \u043d\u0430 \u0433\u0440\u0438\u043b\u0435, \u043a\u0443\u0440\u0438\u043d\u0430\u044f \u0433\u0440\u0443\u0434\u043a\u0430, \u043c\u0430\u0440\u0438\u043d\u043e\u0432\u0430\u043d\u043d\u0430\u044f \u0432 \u0432\u0438\u043d\u0435, \u043c\u0435\u0434\u0435 \u0438 \u0442\u0440\u0430\u0432\u0430\u0445, \u043a\u0443\u0440\u0438\u043d\u044b\u0435  \u0448\u043d\u0438\u0446\u0435\u043b\u0438, \u043e\u0432\u043e\u0449\u0438 \u0433\u0440\u0438\u043b\u044c, \u043a\u0430\u0440\u0442\u043e\u0444\u0435\u043b\u044c \u0444\u0440\u0438, \u043a\u0430\u0440\u0442\u043e\u0444\u0435\u043b\u044c \u0413\u0440\u0435\u043d\u0430\u0439, \u0441\u0432\u0435\u0436\u0438\u0435 \u043e\u0432\u043e\u0449\u0438, \u0441\u043e\u0443\u0441 \u0442\u0430\u0440-\u0442\u0430\u0440 \u0438 \u043c\u0430\u0439\u043e\u043d\u0435\u0437 \u0441 \u0442\u0440\u0430\u0432\u0430\u043c\u0438.<\/td><td class=\"column-2\">4299,-<\/td>\n<\/tr>\n<tr class=\"row-27\">\n\t<td colspan=\"2\" class=\"column-1\">\u0412\u0442\u043e\u0440\u044b\u0435 \u0431\u043b\u044e\u0434\u0430<\/td>\n<\/tr>\n<tr class=\"row-28\">\n\t<td class=\"column-1\">\u0428\u0430\u0448\u043b\u044b\u043a \u0438\u0437 \u043c\u0430\u0440\u0438\u043d\u043e\u0432\u0430\u043d\u043d\u043e\u0439 \u0441\u0432\u0438\u043d\u043e\u0439 \u0432\u044b\u0440\u0435\u0437\u043a\u0438 \u0438 \u043a\u0443\u0440\u0438\u043d\u043e\u0439 \u0433\u0440\u0443\u0434\u043a\u0438, \u0431\u0435\u043a\u043e\u043d\u0430 \u0438 \u043e\u0432\u043e\u0449\u0435\u0439 \u043d\u0430 \u0433\u0440\u0438\u043b\u0435.<\/td><td class=\"column-2\">465,-<\/td>\n<\/tr>\n<tr class=\"row-29\">\n\t<td class=\"column-1\">\u0416\u0430\u0440\u0435\u043d\u0430\u044f \u043d\u0430 \u0433\u0440\u0438\u043b\u0435 \u043a\u0443\u0440\u0438\u043d\u0430\u044f \u0433\u0440\u0443\u0434\u043a\u0430 \u0441 \u043a\u043e\u0436\u0435\u0439, \u043c\u0430\u0440\u0438\u043d\u043e\u0432\u0430\u043d\u043d\u0430\u044f \u0432 \u0432\u0438\u043d\u0435, \u043c\u0435\u0434\u0435 \u0438 \u0442\u0440\u0430\u0432\u0430\u0445, \u0441 \u043e\u0432\u043e\u0449\u0430\u043c\u0438 \u043d\u0430 \u0433\u0440\u0438\u043b\u0435, \u0441\u0432\u0435\u0436\u0438\u043c \u043f\u0435\u0441\u0442\u043e \u0438 \u043c\u0430\u0439\u043e\u043d\u0435\u0437\u043e\u043c \u0441 \u0442\u0440\u0430\u0432\u0430\u043c\u0438<\/td><td class=\"column-2\">355,-<\/td>\n<\/tr>\n<tr class=\"row-30\">\n\t<td class=\"column-1\">\u0421\u0442\u0435\u0439\u043a \u0438\u0437 \u0433\u043e\u0432\u044f\u0436\u044c\u0435\u0439 \u0432\u044b\u0440\u0435\u0437\u043a\u0438. \u041f\u043e\u0434\u0430\u0435\u0442\u0441\u044f \u0441\u043e \u0441\u043b\u0438\u0432\u043e\u0447\u043d\u043e \u043f\u0435\u0440\u0435\u0447\u043d\u044b\u043c \u0441\u043e\u0443\u0441\u043e\u043c \u0441 \u0431\u0440\u0435\u043d\u0434\u0438 \u0438 \u0441\u043c\u0435\u0441\u044c\u044e \u043b\u0438\u0441\u0442\u044c\u0435\u0432 \u0441\u0430\u043b\u0430\u0442\u0430.<\/td><td class=\"column-2\">725,-<\/td>\n<\/tr>\n<tr class=\"row-31\">\n\t<td class=\"column-1\">\u0411\u0443\u0440\u0433\u0435\u0440 \u0441 \u0440\u0432\u0430\u043d\u043e\u0439 \u0441\u0432\u0438\u043d\u0438\u043d\u043e\u0439 \u0441\u043e\u0443\u0441\u043e\u043c \u0431\u0430\u0440\u0431\u0435\u043a\u044e, \u0441\u044b\u0440\u043e\u043c \u0447\u0435\u0434\u0434\u0435\u0440, \u0436\u0430\u0440\u0435\u043d\u044b\u043c \u043b\u0443\u043a\u043e\u043c, \u043b\u0438\u0441\u0442\u043e\u0432\u044b\u043c \u0441\u0430\u043b\u0430\u0442\u043e\u043c \u0438 \u043f\u043e\u043c\u0438\u0434\u043e\u0440\u0430\u043c\u0438 \u043f\u043e\u043c\u0438\u0434\u043e\u0440\u0430\u043c\u0438 \u0432 \u0431\u0443\u043b\u043a\u0435 \u0431\u0440\u0438\u043e\u0448 \u0438 \u0441\u0430\u043b\u0430\u0442\u043e\u043c \u0438\u0437\u00a0\u043a\u0430\u043f\u0443\u0441\u0442\u044b.<\/td><td class=\"column-2\">325,-<\/td>\n<\/tr>\n<tr class=\"row-32\">\n\t<td class=\"column-1\">\u0422\u0443\u0448\u0435\u043d\u044b\u0435 \u0441\u0432\u0438\u043d\u044b\u0435 \u0440\u0435\u0431\u0440\u044b\u0448\u043a\u0438 \u0441 \u0441\u043e\u0443\u0441\u043e\u043c \u0431\u0430\u0440\u0431\u0435\u043a\u044e \u0438 \u0441\u0430\u043b\u0430\u0442\u043e\u043c \u0438\u0437 \u043a\u0430\u043f\u0443\u0441\u0442\u044b.<\/td><td class=\"column-2\">385,-<\/td>\n<\/tr>\n<tr class=\"row-33\">\n\t<td colspan=\"2\" class=\"column-1\">\u0414\u0435\u0441\u0435\u0440\u0442\u044b<\/td>\n<\/tr>\n<tr class=\"row-34\">\n\t<td class=\"column-1\">\u0428\u043e\u043a\u043e\u043b\u0430\u0434\u043d\u044b\u0439 \u0444\u043e\u043d\u0434\u0430\u043d<\/td><td class=\"column-2\">155,-<\/td>\n<\/tr>\n<tr class=\"row-35\">\n\t<td class=\"column-1\">\u042f\u0431\u043b\u043e\u0447\u043d\u044b\u0439 \u0448\u0442\u0440\u0443\u0434\u0435\u043b\u044c<\/td><td class=\"column-2\">155,-<\/td>\n<\/tr>\n<tr class=\"row-36\">\n\t<td class=\"column-1\">\u041c\u043e\u0440\u043e\u0436\u0435\u043d\u043e\u0435 \u0441 \u043c\u0430\u043b\u0438\u043d\u043e\u0439<\/td><td class=\"column-2\">135,-<\/td>\n<\/tr>\n<tr class=\"row-37\">\n\t<td colspan=\"2\" class=\"column-1\">\u0413\u0430\u0440\u043d\u0438\u0440\u044b<\/td>\n<\/tr>\n<tr class=\"row-38\">\n\t<td class=\"column-1\">\u041a\u0430\u0440\u0442\u043e\u0444\u0435\u043b\u044c \u0444\u0440\u0438<\/td><td class=\"column-2\">95,-<\/td>\n<\/tr>\n<tr class=\"row-39\">\n\t<td class=\"column-1\">\u041a\u0430\u0440\u0442\u043e\u0444\u0435\u043b\u044c \u0413\u0440\u0435\u043d\u0430\u0439<\/td><td class=\"column-2\">95,-<\/td>\n<\/tr>\n<tr class=\"row-40\">\n\t<td class=\"column-1\">\u0414\u043e\u043c\u0430\u0448\u043d\u0438\u0439 \u0441\u0430\u043b\u0430\u0442 \u043e\u043b\u0438\u0432\u044c\u0435<\/td><td class=\"column-2\">125,-<\/td>\n<\/tr>\n<tr class=\"row-41\">\n\t<td class=\"column-1\">\u041a\u043e\u0440\u0437\u0438\u043d\u0430 \u0445\u043b\u0435\u0431\u0430<\/td><td class=\"column-2\">75,-<\/td>\n<\/tr>\n<tr class=\"row-42\">\n\t<td class=\"column-1\">\u041a\u043d\u0435\u0434\u043b\u0438\u043a\u0438<\/td><td class=\"column-2\">75,-<\/td>\n<\/tr>\n<tr class=\"row-43\">\n\t<td class=\"column-1\">\u041e\u0432\u043e\u0449\u0438 \u043d\u0430 \u0433\u0440\u0438\u043b\u0435<\/td><td class=\"column-2\">95,-<\/td>\n<\/tr>\n<tr class=\"row-44\">\n\t<td class=\"column-1\">\u041f\u0440\u0435\u043a\u0440\u0430\u0441\u043d\u043e\u0435 \u0441\u043e\u0447\u0435\u0442\u0430\u043d\u0438\u0435 \u0440\u0432\u0430\u043d\u044b\u0445 \u0437\u0435\u043b\u0435\u043d\u044b\u0445 \u043b\u0438\u0441\u0442\u044c\u0435\u0432 \u0441 \u043c\u0435\u0434\u043e\u0432\u043e-\u0433\u043e\u0440\u0447\u0438\u0447\u043d\u043e\u0439 \u0437\u0430\u043f\u0440\u0430\u0432\u043a\u043e\u0439<\/td><td class=\"column-2\">95,-<\/td>\n<\/tr>\n<tr class=\"row-45\">\n\t<td class=\"column-1\">\u0422\u0443\u0448\u0435\u043d\u0430\u044f \u043a\u0430\u043f\u0443\u0441\u0442\u0430<\/td><td class=\"column-2\">95,-<\/td>\n<\/tr>\n<tr class=\"row-46\">\n\t<td class=\"column-1\">\u0421\u0430\u043b\u0430\u0442 \u0438\u0437 \u043a\u0430\u043f\u0443\u0441\u0442\u044b<\/td><td class=\"column-2\">95,-<\/td>\n<\/tr>\n<\/tbody>\n<\/table>\n<!-- #tablepress-11 from cache --><\/div>\n\t\t\t\t\t\t<\/div>\n\t\t\t\t<\/div>\n\t\t\t\t\t<\/div>\n\t\t\t\t<\/div>\n\t\t\t\t<\/div>\n\t\t","protected":false},"excerpt":{"rendered":"<p>\u041c\u0435\u043d\u044e<\/p>\n","protected":false},"author":2,"featured_media":0,"parent":2338,"menu_order":0,"comment_status":"closed","ping_status":"closed","template":"","meta":{"footnotes":""},"folder":[7],"class_list":["post-238","page","type-page","status-publish","hentry"],"_links":{"self":[{"href":"https:\/\/www.beerrestaurant.cz\/en\/wp-json\/wp\/v2\/pages\/238","targetHints":{"allow":["GET"]}}],"collection":[{"href":"https:\/\/www.beerrestaurant.cz\/en\/wp-json\/wp\/v2\/pages"}],"about":[{"href":"https:\/\/www.beerrestaurant.cz\/en\/wp-json\/wp\/v2\/types\/page"}],"author":[{"embeddable":true,"href":"https:\/\/www.beerrestaurant.cz\/en\/wp-json\/wp\/v2\/users\/2"}],"replies":[{"embeddable":true,"href":"https:\/\/www.beerrestaurant.cz\/en\/wp-json\/wp\/v2\/comments?post=238"}],"version-history":[{"count":27,"href":"https:\/\/www.beerrestaurant.cz\/en\/wp-json\/wp\/v2\/pages\/238\/revisions"}],"predecessor-version":[{"id":2494,"href":"https:\/\/www.beerrestaurant.cz\/en\/wp-json\/wp\/v2\/pages\/238\/revisions\/2494"}],"up":[{"embeddable":true,"href":"https:\/\/www.beerrestaurant.cz\/en\/wp-json\/wp\/v2\/pages\/2338"}],"wp:attachment":[{"href":"https:\/\/www.beerrestaurant.cz\/en\/wp-json\/wp\/v2\/media?parent=238"}],"wp:term":[{"taxonomy":"folder","embeddable":true,"href":"https:\/\/www.beerrestaurant.cz\/en\/wp-json\/wp\/v2\/folder?post=238"}],"curies":[{"name":"wp","href":"https:\/\/api.w.org\/{rel}","templated":true}]}}