{"id":1915,"date":"2023-06-22T14:20:39","date_gmt":"2023-06-22T14:20:39","guid":{"rendered":"https:\/\/www.beerrestaurant.cz\/?page_id=1915"},"modified":"2023-08-28T11:15:43","modified_gmt":"2023-08-28T11:15:43","slug":"menu-it","status":"publish","type":"page","link":"https:\/\/www.beerrestaurant.cz\/en\/u-cerneho-medveda\/menu-it\/","title":{"rendered":"U \u010cern\u00e9ho Medv\u011bda Menu IT"},"content":{"rendered":"\t\t<div data-elementor-type=\"wp-page\" data-elementor-id=\"1915\" class=\"elementor elementor-1915\" data-elementor-post-type=\"page\">\n\t\t\t\t<div class=\"elementor-element elementor-element-8185e8f e-flex e-con-boxed e-con e-parent\" data-id=\"8185e8f\" data-element_type=\"container\" data-settings=\"{&quot;_ob_use_container_extras&quot;:&quot;no&quot;,&quot;_ob_column_hoveranimator&quot;:&quot;no&quot;,&quot;_ob_glider_is_slider&quot;:&quot;no&quot;,&quot;_ob_column_has_pseudo&quot;:&quot;no&quot;}\">\n\t\t\t\t\t<div class=\"e-con-inner\">\n\t\t<div class=\"elementor-element elementor-element-8ac3c5a e-con-full e-flex e-con e-parent\" data-id=\"8ac3c5a\" data-element_type=\"container\" data-settings=\"{&quot;_ob_use_container_extras&quot;:&quot;no&quot;,&quot;_ob_column_hoveranimator&quot;:&quot;no&quot;,&quot;_ob_glider_is_slider&quot;:&quot;no&quot;,&quot;_ob_column_has_pseudo&quot;:&quot;no&quot;}\">\n\t\t\t\t<div class=\"elementor-element elementor-element-4e5fe68 ob-harakiri-inherit ob-has-background-overlay elementor-widget elementor-widget-heading\" data-id=\"4e5fe68\" data-element_type=\"widget\" data-settings=\"{&quot;_ob_use_harakiri&quot;:&quot;yes&quot;,&quot;_ob_harakiri_writing_mode&quot;:&quot;inherit&quot;,&quot;_ob_harakiri_text_clip&quot;:&quot;none&quot;,&quot;_ob_widget_stalker_use&quot;:&quot;no&quot;,&quot;_ob_poopart_use&quot;:&quot;yes&quot;,&quot;_ob_shadough_use&quot;:&quot;no&quot;,&quot;_ob_allow_hoveranimator&quot;:&quot;no&quot;}\" data-widget_type=\"heading.default\">\n\t\t\t\t<div class=\"elementor-widget-container\">\n\t\t\t\t\t<h1 class=\"elementor-heading-title elementor-size-default\">Men\u00f9<\/h1>\t\t\t\t<\/div>\n\t\t\t\t<\/div>\n\t\t\t\t<div class=\"elementor-element elementor-element-2d3fbbd elementor-widget__width-initial ob-has-background-overlay elementor-widget elementor-widget-image\" data-id=\"2d3fbbd\" data-element_type=\"widget\" data-settings=\"{&quot;_ob_photomorph_use&quot;:&quot;no&quot;,&quot;_ob_widget_stalker_use&quot;:&quot;no&quot;,&quot;_ob_poopart_use&quot;:&quot;yes&quot;,&quot;_ob_shadough_use&quot;:&quot;no&quot;,&quot;_ob_allow_hoveranimator&quot;:&quot;no&quot;}\" data-widget_type=\"image.default\">\n\t\t\t\t<div class=\"elementor-widget-container\">\n\t\t\t\t\t\t\t\t\t\t\t\t\t\t\t<img fetchpriority=\"high\" decoding=\"async\" width=\"800\" height=\"479\" src=\"https:\/\/www.beerrestaurant.cz\/wp-content\/uploads\/2022\/06\/Flag_of_Italy.svg\" class=\"attachment-large size-large wp-image-103\" alt=\"\" \/>\t\t\t\t\t\t\t\t\t\t\t\t\t\t\t<\/div>\n\t\t\t\t<\/div>\n\t\t\t\t<\/div>\n\t\t\t\t<div class=\"elementor-element elementor-element-930ed7e ob-has-background-overlay elementor-widget elementor-widget-shortcode\" data-id=\"930ed7e\" data-element_type=\"widget\" data-settings=\"{&quot;_ob_widget_stalker_use&quot;:&quot;no&quot;,&quot;_ob_poopart_use&quot;:&quot;yes&quot;,&quot;_ob_shadough_use&quot;:&quot;no&quot;,&quot;_ob_allow_hoveranimator&quot;:&quot;no&quot;}\" data-widget_type=\"shortcode.default\">\n\t\t\t\t<div class=\"elementor-widget-container\">\n\t\t\t\t\t\t\t<div class=\"elementor-shortcode\">\n<table id=\"tablepress-18\" class=\"tablepress tablepress-id-18 tbody-has-connected-cells\">\n<thead>\n<tr class=\"row-1\">\n\t<th colspan=\"2\" class=\"column-1\">Antipasti<\/th>\n<\/tr>\n<\/thead>\n<tbody class=\"row-striping row-hover\">\n<tr class=\"row-2\">\n\t<td class=\"column-1\">Tartare di filetto di manzo servite con pane fritto.<\/td><td class=\"column-2\">325,-<\/td>\n<\/tr>\n<tr class=\"row-3\">\n\t<td class=\"column-1\">Salsicce tipiche \"\u0161pek\u00e1\u010dky\" al forno alla birra nera con salsa di verdure leggermente piccante. Servite con pane fresco.<\/td><td class=\"column-2\">215,-<\/td>\n<\/tr>\n<tr class=\"row-4\">\n\t<td class=\"column-1\">Camembert marinato alla griglia con insalatina, salsa ai mirtilli rossi e lamponi e pane.<\/td><td class=\"column-2\">225,-<\/td>\n<\/tr>\n<tr class=\"row-5\">\n\t<td colspan=\"2\" class=\"column-1\">Minestre e zuppe<\/td>\n<\/tr>\n<tr class=\"row-6\">\n\t<td class=\"column-1\">Tradizionale zuppa di patate ceca con funghi.<\/td><td class=\"column-2\">135,-<\/td>\n<\/tr>\n<tr class=\"row-7\">\n\t<td class=\"column-1\">Tradizionale zuppa di patate ceca con funghi, acida servita nel pane tostato.<\/td><td class=\"column-2\">195,-<\/td>\n<\/tr>\n<tr class=\"row-8\">\n\t<td colspan=\"2\" class=\"column-1\">Insalate<\/td>\n<\/tr>\n<tr class=\"row-9\">\n\t<td class=\"column-1\">Insalata classica mista \"\u0161opsk\u00fd\" - pomodori, cetrioli e peperoni freschi con olio di oliva e formaggio balcanico.<\/td><td class=\"column-2\">145,-\/235,-<\/td>\n<\/tr>\n<tr class=\"row-10\">\n\t<td class=\"column-1\">Insalata di lattuga romana con dressing fatto in casa, crostini di pane e parmigiano. \/ Con petto di pollo alla griglia.<\/td><td class=\"column-2\">220,-\/295,-<\/td>\n<\/tr>\n<tr class=\"row-11\">\n\t<td class=\"column-1\">Insalata di cavolo bianco e rosso. (pi\u00f9 popolare)<\/td><td class=\"column-2\">95,-<\/td>\n<\/tr>\n<tr class=\"row-12\">\n\t<td colspan=\"2\" class=\"column-1\">Specialit\u00e0 della cucina ceca<\/td>\n<\/tr>\n<tr class=\"row-13\">\n\t<td class=\"column-1\">Stinco morbido di maiale cotto al forno servito con mix di verdure sott'aceto, insalata di cavolo cappuccio, senape, rafano e pane fresco.<\/td><td class=\"column-2\">575,-<\/td>\n<\/tr>\n<tr class=\"row-14\">\n\t<td class=\"column-1\">Gulasch di carne di manzo alla birra. Servito con cipolla, peperoncino e gnocchi di pane cechi fatti in casa.<\/td><td class=\"column-2\">355,-<\/td>\n<\/tr>\n<tr class=\"row-15\">\n\t<td class=\"column-1\">Gulasch di carne di manzo alla birra servito con cipolla e peperoncino nel pane tostato.<\/td><td class=\"column-2\">415,-<\/td>\n<\/tr>\n<tr class=\"row-16\">\n\t<td class=\"column-1\">Coscia d\u2019anatra al forno servita con cavolo rosso, gnocchi cechi di patate e di pane.<\/td><td class=\"column-2\">435,-<\/td>\n<\/tr>\n<tr class=\"row-17\">\n\t<td class=\"column-1\">Cotolette di pollo fritte al forno e dorate. Servito con insalata russa fatta in casa.<\/td><td class=\"column-2\">325,-<\/td>\n<\/tr>\n<tr class=\"row-18\">\n\t<td class=\"column-1\">Piatto nazionale \"Vep\u0159o - knedlo - zelo\". Arrosto morbido di maiale con crauti e gnocchi cechi di patate e di pane.<\/td><td class=\"column-2\">335,-<\/td>\n<\/tr>\n<tr class=\"row-19\">\n\t<td class=\"column-1\">Camembert impanato fritto dorato con patatine fritte croccanti e salsa tartara fatta in casa.<\/td><td class=\"column-2\">295,-<\/td>\n<\/tr>\n<tr class=\"row-20\">\n\t<td class=\"column-1\">Petto di pollo con pelle alla griglia marinato al vino, miele ed erbe aromatiche, verdure grigliate, pesto fresco e maionese alle erbe aromatiche.<\/td><td class=\"column-2\">355,-<\/td>\n<\/tr>\n<tr class=\"row-21\">\n\t<td class=\"column-1\">Hamburger con carne di maiale sfilacciato, salsa BBQ, formaggio Cheddar, cipolla fritta, insalata e pomodori in panino brioche, insalatina di cavolo cappuccio.Servito con patatine fritte.<\/td><td class=\"column-2\">355,-<\/td>\n<\/tr>\n<tr class=\"row-22\">\n\t<td colspan=\"2\" class=\"column-1\">Postres<\/td>\n<\/tr>\n<tr class=\"row-23\">\n\t<td class=\"column-1\">Frittelle con crema di formaggio e mirtilli.<\/td><td class=\"column-2\">145,-<\/td>\n<\/tr>\n<tr class=\"row-24\">\n\t<td class=\"column-1\">Strudel di mele con gelato alla vaniglia.<\/td><td class=\"column-2\">135,-<\/td>\n<\/tr>\n<tr class=\"row-25\">\n\t<td class=\"column-1\">Coppa di gelato con lamponi caldi e panna montata.<\/td><td class=\"column-2\">125,-<\/td>\n<\/tr>\n<tr class=\"row-26\">\n\t<td colspan=\"2\" class=\"column-1\">Contorni<\/td>\n<\/tr>\n<tr class=\"row-27\">\n\t<td class=\"column-1\">Patatine fritte<\/td><td class=\"column-2\">95,-<\/td>\n<\/tr>\n<tr class=\"row-28\">\n\t<td class=\"column-1\">Insalata russa fatta in casa<\/td><td class=\"column-2\">125,-<\/td>\n<\/tr>\n<tr class=\"row-29\">\n\t<td class=\"column-1\">Cestino con pane<\/td><td class=\"column-2\">55,-<\/td>\n<\/tr>\n<tr class=\"row-30\">\n\t<td class=\"column-1\">Gnocchi cechi \"knedl\u00edky\" di pane e di patate<\/td><td class=\"column-2\">75,-<\/td>\n<\/tr>\n<tr class=\"row-31\">\n\t<td class=\"column-1\">Verdure grigliate<\/td><td class=\"column-2\">95,-<\/td>\n<\/tr>\n<tr class=\"row-32\">\n\t<td class=\"column-1\">Insalatina di foglie di lattuga strappate<\/td><td class=\"column-2\">95,-<\/td>\n<\/tr>\n<tr class=\"row-33\">\n\t<td class=\"column-1\">Crauti stufati<\/td><td class=\"column-2\">95,-<\/td>\n<\/tr>\n<tr class=\"row-34\">\n\t<td class=\"column-1\">Insalatina di cavolo cappuccio<\/td><td class=\"column-2\">85,-<\/td>\n<\/tr>\n<\/tbody>\n<\/table>\n<!-- #tablepress-18 from cache --><\/div>\n\t\t\t\t\t\t<\/div>\n\t\t\t\t<\/div>\n\t\t\t\t\t<\/div>\n\t\t\t\t<\/div>\n\t\t\t\t<\/div>\n\t\t","protected":false},"excerpt":{"rendered":"<p>Men\u00f9<\/p>\n","protected":false},"author":2,"featured_media":0,"parent":1702,"menu_order":0,"comment_status":"closed","ping_status":"closed","template":"","meta":{"footnotes":""},"folder":[35],"class_list":["post-1915","page","type-page","status-publish","hentry"],"_links":{"self":[{"href":"https:\/\/www.beerrestaurant.cz\/en\/wp-json\/wp\/v2\/pages\/1915","targetHints":{"allow":["GET"]}}],"collection":[{"href":"https:\/\/www.beerrestaurant.cz\/en\/wp-json\/wp\/v2\/pages"}],"about":[{"href":"https:\/\/www.beerrestaurant.cz\/en\/wp-json\/wp\/v2\/types\/page"}],"author":[{"embeddable":true,"href":"https:\/\/www.beerrestaurant.cz\/en\/wp-json\/wp\/v2\/users\/2"}],"replies":[{"embeddable":true,"href":"https:\/\/www.beerrestaurant.cz\/en\/wp-json\/wp\/v2\/comments?post=1915"}],"version-history":[{"count":4,"href":"https:\/\/www.beerrestaurant.cz\/en\/wp-json\/wp\/v2\/pages\/1915\/revisions"}],"predecessor-version":[{"id":2313,"href":"https:\/\/www.beerrestaurant.cz\/en\/wp-json\/wp\/v2\/pages\/1915\/revisions\/2313"}],"up":[{"embeddable":true,"href":"https:\/\/www.beerrestaurant.cz\/en\/wp-json\/wp\/v2\/pages\/1702"}],"wp:attachment":[{"href":"https:\/\/www.beerrestaurant.cz\/en\/wp-json\/wp\/v2\/media?parent=1915"}],"wp:term":[{"taxonomy":"folder","embeddable":true,"href":"https:\/\/www.beerrestaurant.cz\/en\/wp-json\/wp\/v2\/folder?post=1915"}],"curies":[{"name":"wp","href":"https:\/\/api.w.org\/{rel}","templated":true}]}}