{"id":1771,"date":"2023-06-22T11:21:52","date_gmt":"2023-06-22T11:21:52","guid":{"rendered":"https:\/\/www.beerrestaurant.cz\/?page_id=1771"},"modified":"2023-08-28T09:53:06","modified_gmt":"2023-08-28T09:53:06","slug":"history","status":"publish","type":"page","link":"https:\/\/www.beerrestaurant.cz\/en\/u-cerneho-medveda\/history\/","title":{"rendered":"U \u010cern\u00e9ho Medv\u011bda History"},"content":{"rendered":"\t\t<div data-elementor-type=\"wp-page\" data-elementor-id=\"1771\" class=\"elementor elementor-1771\" data-elementor-post-type=\"page\">\n\t\t\t\t<div class=\"elementor-element elementor-element-a6e7777 e-flex e-con-boxed e-con e-parent\" data-id=\"a6e7777\" data-element_type=\"container\" data-settings=\"{&quot;_ob_use_container_extras&quot;:&quot;no&quot;,&quot;_ob_column_hoveranimator&quot;:&quot;no&quot;,&quot;_ob_glider_is_slider&quot;:&quot;no&quot;,&quot;_ob_column_has_pseudo&quot;:&quot;no&quot;}\">\n\t\t\t\t\t<div class=\"e-con-inner\">\n\t\t\t\t<div class=\"elementor-element elementor-element-01bf983 elementor-widget-mobile__width-initial ob-harakiri-inherit ob-has-background-overlay elementor-widget elementor-widget-heading\" data-id=\"01bf983\" data-element_type=\"widget\" data-settings=\"{&quot;_ob_use_harakiri&quot;:&quot;yes&quot;,&quot;_ob_harakiri_writing_mode&quot;:&quot;inherit&quot;,&quot;_ob_harakiri_text_clip&quot;:&quot;none&quot;,&quot;_ob_widget_stalker_use&quot;:&quot;no&quot;,&quot;_ob_poopart_use&quot;:&quot;yes&quot;,&quot;_ob_shadough_use&quot;:&quot;no&quot;,&quot;_ob_allow_hoveranimator&quot;:&quot;no&quot;}\" data-widget_type=\"heading.default\">\n\t\t\t\t<div class=\"elementor-widget-container\">\n\t\t\t\t\t<h1 class=\"elementor-heading-title elementor-size-default\">History of  the House of the Black Bear<\/h1>\t\t\t\t<\/div>\n\t\t\t\t<\/div>\n\t\t\t\t<div class=\"elementor-element elementor-element-904be3d elementor-widget-divider--view-line ob-has-background-overlay elementor-widget elementor-widget-divider\" data-id=\"904be3d\" data-element_type=\"widget\" data-settings=\"{&quot;_ob_widget_stalker_use&quot;:&quot;no&quot;,&quot;_ob_poopart_use&quot;:&quot;yes&quot;,&quot;_ob_shadough_use&quot;:&quot;no&quot;,&quot;_ob_allow_hoveranimator&quot;:&quot;no&quot;}\" data-widget_type=\"divider.default\">\n\t\t\t\t<div class=\"elementor-widget-container\">\n\t\t\t\t\t\t\t<div class=\"elementor-divider\">\n\t\t\t<span class=\"elementor-divider-separator\">\n\t\t\t\t\t\t<\/span>\n\t\t<\/div>\n\t\t\t\t\t\t<\/div>\n\t\t\t\t<\/div>\n\t\t\t\t<div class=\"elementor-element elementor-element-1f51e34 elementor-widget__width-initial ob-harakiri-inherit ob-has-background-overlay elementor-widget elementor-widget-text-editor\" data-id=\"1f51e34\" data-element_type=\"widget\" data-settings=\"{&quot;_ob_use_harakiri&quot;:&quot;yes&quot;,&quot;_ob_harakiri_writing_mode&quot;:&quot;inherit&quot;,&quot;_ob_postman_use&quot;:&quot;no&quot;,&quot;_ob_widget_stalker_use&quot;:&quot;no&quot;,&quot;_ob_poopart_use&quot;:&quot;yes&quot;,&quot;_ob_shadough_use&quot;:&quot;no&quot;,&quot;_ob_allow_hoveranimator&quot;:&quot;no&quot;}\" data-widget_type=\"text-editor.default\">\n\t\t\t\t<div class=\"elementor-widget-container\">\n\t\t\t\t\t\t\t\t\t<p>Located just a stone&#8217;s throw away from the bustling <strong>Old Town Square<\/strong>, you&#8217;ll find the charming Beer Restaurant At the Black Bear nestled in the historic T\u00fdn courtyard. This courtyard, dating back to the 11th century, was once a fortified merchant&#8217;s court known as Ungelt.<\/p><p>It served as a haven for traders and their valuable goods, protected by a moat and towering walls. Within its walls, you would find storehouses, stables, dwellings, and even one of Prague&#8217;s oldest hospitals. The magnificent <strong>Church of the Virgin Mary<\/strong>, which stood in the same spot where the T\u00fdn Church now stands, was also a prominent feature of this bustling court.<\/p>\t\t\t\t\t\t\t\t<\/div>\n\t\t\t\t<\/div>\n\t\t\t\t<div class=\"elementor-element elementor-element-43c4c1c elementor-widget__width-inherit ob-has-background-overlay elementor-widget elementor-widget-image\" data-id=\"43c4c1c\" data-element_type=\"widget\" data-settings=\"{&quot;_ob_photomorph_use&quot;:&quot;no&quot;,&quot;_ob_widget_stalker_use&quot;:&quot;no&quot;,&quot;_ob_poopart_use&quot;:&quot;yes&quot;,&quot;_ob_shadough_use&quot;:&quot;no&quot;,&quot;_ob_allow_hoveranimator&quot;:&quot;no&quot;}\" data-widget_type=\"image.default\">\n\t\t\t\t<div class=\"elementor-widget-container\">\n\t\t\t\t\t\t\t\t\t\t\t\t\t\t\t<img fetchpriority=\"high\" decoding=\"async\" width=\"800\" height=\"649\" src=\"https:\/\/www.beerrestaurant.cz\/wp-content\/uploads\/2023\/08\/Old-Prague-Map1663-BB-logo-1024x831.jpg\" class=\"attachment-large size-large wp-image-2074\" alt=\"\" srcset=\"https:\/\/www.beerrestaurant.cz\/wp-content\/uploads\/2023\/08\/Old-Prague-Map1663-BB-logo-1024x831.jpg 1024w, https:\/\/www.beerrestaurant.cz\/wp-content\/uploads\/2023\/08\/Old-Prague-Map1663-BB-logo-300x243.jpg 300w, https:\/\/www.beerrestaurant.cz\/wp-content\/uploads\/2023\/08\/Old-Prague-Map1663-BB-logo-768x623.jpg 768w, https:\/\/www.beerrestaurant.cz\/wp-content\/uploads\/2023\/08\/Old-Prague-Map1663-BB-logo.jpg 1440w\" sizes=\"(max-width: 800px) 100vw, 800px\" \/>\t\t\t\t\t\t\t\t\t\t\t\t\t\t\t<\/div>\n\t\t\t\t<\/div>\n\t\t<div class=\"elementor-element elementor-element-f6a4cfc e-con-full e-flex e-con e-parent\" data-id=\"f6a4cfc\" data-element_type=\"container\" data-settings=\"{&quot;_ob_use_container_extras&quot;:&quot;no&quot;,&quot;_ob_column_hoveranimator&quot;:&quot;no&quot;,&quot;_ob_glider_is_slider&quot;:&quot;no&quot;,&quot;_ob_column_has_pseudo&quot;:&quot;no&quot;}\">\n\t\t<div class=\"elementor-element elementor-element-cd3c618 e-con-full e-flex e-con e-parent\" data-id=\"cd3c618\" data-element_type=\"container\" data-settings=\"{&quot;_ob_use_container_extras&quot;:&quot;no&quot;,&quot;_ob_column_hoveranimator&quot;:&quot;no&quot;,&quot;_ob_glider_is_slider&quot;:&quot;no&quot;,&quot;_ob_column_has_pseudo&quot;:&quot;no&quot;}\">\n\t\t\t\t<div class=\"elementor-element elementor-element-9c0d41d elementor-widget__width-initial ob-harakiri-inherit ob-has-background-overlay elementor-widget elementor-widget-text-editor\" data-id=\"9c0d41d\" data-element_type=\"widget\" data-settings=\"{&quot;_ob_use_harakiri&quot;:&quot;yes&quot;,&quot;_ob_harakiri_writing_mode&quot;:&quot;inherit&quot;,&quot;_ob_postman_use&quot;:&quot;no&quot;,&quot;_ob_widget_stalker_use&quot;:&quot;no&quot;,&quot;_ob_poopart_use&quot;:&quot;yes&quot;,&quot;_ob_shadough_use&quot;:&quot;no&quot;,&quot;_ob_allow_hoveranimator&quot;:&quot;no&quot;}\" data-widget_type=\"text-editor.default\">\n\t\t\t\t<div class=\"elementor-widget-container\">\n\t\t\t\t\t\t\t\t\t<p>The merchant wagons that arrived from all corners of the world brought with them a treasure trove of goods. The merchant court&#8217;s registers documented a wide array of items, including metals, minerals, tools, fabrics, furs, carpets, livestock, and an abundance of culinary delights.<\/p><p>The court&#8217;s cafe, <strong>U Kom\u00e1rk\u016f<\/strong>, was a meeting place for influential figures in Czech history, such as Josef Kajet\u00e1n Tyl, Franti\u0161ek Palack\u00fd, Pavel Josef \u0160afa\u0159\u00edk, and Franti\u0161ek Ladislav Rieger.<\/p><p>Ungelt experienced its golden age under the reigns of <strong>Charles IV and Wenceslaus IV<\/strong>. Buyers flocked to this vibrant court, many choosing to settle here permanently. The courtyard earned the nickname &#8220;Merry Court&#8221; (Laeta curia) due to the lively celebrations and captivating tales shared by the merchants. Even today, the spirit of merriment can still be felt in the air.<\/p>\t\t\t\t\t\t\t\t<\/div>\n\t\t\t\t<\/div>\n\t\t\t\t<\/div>\n\t\t<div class=\"elementor-element elementor-element-27c75e5 e-con-full e-flex e-con e-parent\" data-id=\"27c75e5\" data-element_type=\"container\" data-settings=\"{&quot;background_background&quot;:&quot;classic&quot;,&quot;_ob_use_container_extras&quot;:&quot;no&quot;,&quot;_ob_column_hoveranimator&quot;:&quot;no&quot;,&quot;_ob_glider_is_slider&quot;:&quot;no&quot;,&quot;_ob_column_has_pseudo&quot;:&quot;no&quot;}\">\n\t\t\t\t<\/div>\n\t\t\t\t<\/div>\n\t\t<div class=\"elementor-element elementor-element-4c82b3b e-con-full e-flex e-con e-parent\" data-id=\"4c82b3b\" data-element_type=\"container\" data-settings=\"{&quot;_ob_use_container_extras&quot;:&quot;no&quot;,&quot;_ob_column_hoveranimator&quot;:&quot;no&quot;,&quot;_ob_glider_is_slider&quot;:&quot;no&quot;,&quot;_ob_column_has_pseudo&quot;:&quot;no&quot;}\">\n\t\t<div class=\"elementor-element elementor-element-9cd4c03 e-con-full e-flex e-con e-parent\" data-id=\"9cd4c03\" data-element_type=\"container\" data-settings=\"{&quot;background_background&quot;:&quot;classic&quot;,&quot;_ob_use_container_extras&quot;:&quot;no&quot;,&quot;_ob_column_hoveranimator&quot;:&quot;no&quot;,&quot;_ob_glider_is_slider&quot;:&quot;no&quot;,&quot;_ob_column_has_pseudo&quot;:&quot;no&quot;}\">\n\t\t\t\t<\/div>\n\t\t<div class=\"elementor-element elementor-element-db47fff e-con-full e-flex e-con e-parent\" data-id=\"db47fff\" data-element_type=\"container\" data-settings=\"{&quot;_ob_use_container_extras&quot;:&quot;no&quot;,&quot;_ob_column_hoveranimator&quot;:&quot;no&quot;,&quot;_ob_glider_is_slider&quot;:&quot;no&quot;,&quot;_ob_column_has_pseudo&quot;:&quot;no&quot;}\">\n\t\t\t\t<div class=\"elementor-element elementor-element-5bc28b9 elementor-widget__width-initial ob-harakiri-inherit ob-has-background-overlay elementor-widget elementor-widget-text-editor\" data-id=\"5bc28b9\" data-element_type=\"widget\" data-settings=\"{&quot;_ob_use_harakiri&quot;:&quot;yes&quot;,&quot;_ob_harakiri_writing_mode&quot;:&quot;inherit&quot;,&quot;_ob_postman_use&quot;:&quot;no&quot;,&quot;_ob_widget_stalker_use&quot;:&quot;no&quot;,&quot;_ob_poopart_use&quot;:&quot;yes&quot;,&quot;_ob_shadough_use&quot;:&quot;no&quot;,&quot;_ob_allow_hoveranimator&quot;:&quot;no&quot;}\" data-widget_type=\"text-editor.default\">\n\t\t\t\t<div class=\"elementor-widget-container\">\n\t\t\t\t\t\t\t\t\t<p>While savoring our delicious Czech cuisine and refreshing beers at Beer Restaurant At the Black Bear, take a moment to imagine the bustling activity that once filled this historic courtyard. Picture the merchants haggling over prices, the clatter of horses&#8217; hooves on the cobblestone streets, and the aroma of spices and goods wafting through the air.\u00a0<\/p><p>Dating back to as early as 1428, the renowned establishment known as <strong>The House At the Black Bear<\/strong> has a rich history. Its name is derived from the captivating statue of a black bear in chains, proudly displayed on the corner of the building.<\/p><p>During the early 20th century, this very house was famously recognized as the &#8220;Tunel&#8221; a vibrant night cafe that strictly prohibited entry to soldiers from the Prague garrison. The cafe&#8217;s notoriety extended beyond its walls and found its way into literature, even being mentioned by the beloved character, the<strong> good soldier \u0160vejk<\/strong>.<\/p>\t\t\t\t\t\t\t\t<\/div>\n\t\t\t\t<\/div>\n\t\t\t\t<\/div>\n\t\t\t\t<\/div>\n\t\t<div class=\"elementor-element elementor-element-4205f02 e-con-full e-flex e-con e-parent\" data-id=\"4205f02\" data-element_type=\"container\" data-settings=\"{&quot;_ob_use_container_extras&quot;:&quot;no&quot;,&quot;_ob_column_hoveranimator&quot;:&quot;no&quot;,&quot;_ob_glider_is_slider&quot;:&quot;no&quot;,&quot;_ob_column_has_pseudo&quot;:&quot;no&quot;}\">\n\t\t<div class=\"elementor-element elementor-element-18d7d97 e-con-full e-flex e-con e-parent\" data-id=\"18d7d97\" data-element_type=\"container\" data-settings=\"{&quot;_ob_use_container_extras&quot;:&quot;no&quot;,&quot;_ob_column_hoveranimator&quot;:&quot;no&quot;,&quot;_ob_glider_is_slider&quot;:&quot;no&quot;,&quot;_ob_column_has_pseudo&quot;:&quot;no&quot;}\">\n\t\t\t\t<div class=\"elementor-element elementor-element-c0eafa7 elementor-widget__width-initial ob-harakiri-inherit ob-has-background-overlay elementor-widget elementor-widget-text-editor\" data-id=\"c0eafa7\" data-element_type=\"widget\" data-settings=\"{&quot;_ob_use_harakiri&quot;:&quot;yes&quot;,&quot;_ob_harakiri_writing_mode&quot;:&quot;inherit&quot;,&quot;_ob_postman_use&quot;:&quot;no&quot;,&quot;_ob_widget_stalker_use&quot;:&quot;no&quot;,&quot;_ob_poopart_use&quot;:&quot;yes&quot;,&quot;_ob_shadough_use&quot;:&quot;no&quot;,&quot;_ob_allow_hoveranimator&quot;:&quot;no&quot;}\" data-widget_type=\"text-editor.default\">\n\t\t\t\t<div class=\"elementor-widget-container\">\n\t\t\t\t\t\t\t\t\t<p>In the 1980s, the house underwent a transformation and emerged as a charming hotel. Today, this very hotel proudly stands as the first <strong>Women Only Hostel in Prague<\/strong>, offering women from all corners of the globe a warm and secure environment filled with friendship.<\/p><p>Visit us and indulge in a delightful choice of Czech specialties, accompanied by a wide selection of beers, wines, and other traditional Czech alcoholic beverages and allow the history of this remarkable courtyard, which was only opened to the public in 1996, breathe in on you.<\/p>\t\t\t\t\t\t\t\t<\/div>\n\t\t\t\t<\/div>\n\t\t\t\t<\/div>\n\t\t<div class=\"elementor-element elementor-element-e4ebbc9 e-con-full e-flex e-con e-parent\" data-id=\"e4ebbc9\" data-element_type=\"container\" data-settings=\"{&quot;background_background&quot;:&quot;classic&quot;,&quot;_ob_use_container_extras&quot;:&quot;no&quot;,&quot;_ob_column_hoveranimator&quot;:&quot;no&quot;,&quot;_ob_glider_is_slider&quot;:&quot;no&quot;,&quot;_ob_column_has_pseudo&quot;:&quot;no&quot;}\">\n\t\t\t\t<\/div>\n\t\t\t\t<\/div>\n\t\t\t\t\t<\/div>\n\t\t\t\t<\/div>\n\t\t\t\t<\/div>\n\t\t","protected":false},"excerpt":{"rendered":"<p>History of the House of the Black Bear Located just a stone&#8217;s throw away from the bustling Old Town Square, you&#8217;ll find the charming Beer Restaurant At the Black Bear nestled in the historic T\u00fdn courtyard. This courtyard, dating back to the 11th century, was once a fortified merchant&#8217;s court known as Ungelt. It served [&hellip;]<\/p>\n","protected":false},"author":2,"featured_media":0,"parent":1702,"menu_order":0,"comment_status":"closed","ping_status":"closed","template":"","meta":{"footnotes":""},"folder":[31],"class_list":["post-1771","page","type-page","status-publish","hentry"],"_links":{"self":[{"href":"https:\/\/www.beerrestaurant.cz\/en\/wp-json\/wp\/v2\/pages\/1771","targetHints":{"allow":["GET"]}}],"collection":[{"href":"https:\/\/www.beerrestaurant.cz\/en\/wp-json\/wp\/v2\/pages"}],"about":[{"href":"https:\/\/www.beerrestaurant.cz\/en\/wp-json\/wp\/v2\/types\/page"}],"author":[{"embeddable":true,"href":"https:\/\/www.beerrestaurant.cz\/en\/wp-json\/wp\/v2\/users\/2"}],"replies":[{"embeddable":true,"href":"https:\/\/www.beerrestaurant.cz\/en\/wp-json\/wp\/v2\/comments?post=1771"}],"version-history":[{"count":32,"href":"https:\/\/www.beerrestaurant.cz\/en\/wp-json\/wp\/v2\/pages\/1771\/revisions"}],"predecessor-version":[{"id":2274,"href":"https:\/\/www.beerrestaurant.cz\/en\/wp-json\/wp\/v2\/pages\/1771\/revisions\/2274"}],"up":[{"embeddable":true,"href":"https:\/\/www.beerrestaurant.cz\/en\/wp-json\/wp\/v2\/pages\/1702"}],"wp:attachment":[{"href":"https:\/\/www.beerrestaurant.cz\/en\/wp-json\/wp\/v2\/media?parent=1771"}],"wp:term":[{"taxonomy":"folder","embeddable":true,"href":"https:\/\/www.beerrestaurant.cz\/en\/wp-json\/wp\/v2\/folder?post=1771"}],"curies":[{"name":"wp","href":"https:\/\/api.w.org\/{rel}","templated":true}]}}