{"id":1770,"date":"2023-06-22T11:21:49","date_gmt":"2023-06-22T11:21:49","guid":{"rendered":"https:\/\/www.beerrestaurant.cz\/?page_id=1770"},"modified":"2023-08-25T12:22:30","modified_gmt":"2023-08-25T12:22:30","slug":"food-gallery","status":"publish","type":"page","link":"https:\/\/www.beerrestaurant.cz\/en\/u-cerneho-medveda\/food-gallery\/","title":{"rendered":"U \u010cern\u00e9ho Medv\u011bda Food Gallery"},"content":{"rendered":"\t\t<div data-elementor-type=\"wp-page\" data-elementor-id=\"1770\" class=\"elementor elementor-1770\" data-elementor-post-type=\"page\">\n\t\t\t\t<div class=\"elementor-element elementor-element-a700d2b e-flex e-con-boxed e-con e-parent\" data-id=\"a700d2b\" data-element_type=\"container\" data-settings=\"{&quot;_ob_use_container_extras&quot;:&quot;no&quot;,&quot;_ob_column_hoveranimator&quot;:&quot;no&quot;,&quot;_ob_glider_is_slider&quot;:&quot;no&quot;,&quot;_ob_column_has_pseudo&quot;:&quot;no&quot;}\">\n\t\t\t\t\t<div class=\"e-con-inner\">\n\t\t\t\t<div class=\"elementor-element elementor-element-d4af054 elementor-widget-mobile__width-initial ob-harakiri-inherit ob-has-background-overlay elementor-widget elementor-widget-heading\" data-id=\"d4af054\" data-element_type=\"widget\" data-settings=\"{&quot;_ob_use_harakiri&quot;:&quot;yes&quot;,&quot;_ob_harakiri_writing_mode&quot;:&quot;inherit&quot;,&quot;_ob_harakiri_text_clip&quot;:&quot;none&quot;,&quot;_ob_widget_stalker_use&quot;:&quot;no&quot;,&quot;_ob_poopart_use&quot;:&quot;yes&quot;,&quot;_ob_shadough_use&quot;:&quot;no&quot;,&quot;_ob_allow_hoveranimator&quot;:&quot;no&quot;}\" data-widget_type=\"heading.default\">\n\t\t\t\t<div class=\"elementor-widget-container\">\n\t\t\t\t\t<h1 class=\"elementor-heading-title elementor-size-default\">See what we offer on the menu<\/h1>\t\t\t\t<\/div>\n\t\t\t\t<\/div>\n\t\t\t\t<div class=\"elementor-element elementor-element-1048a4c elementor-widget-divider--view-line ob-has-background-overlay elementor-widget elementor-widget-divider\" data-id=\"1048a4c\" data-element_type=\"widget\" data-settings=\"{&quot;_ob_widget_stalker_use&quot;:&quot;no&quot;,&quot;_ob_poopart_use&quot;:&quot;yes&quot;,&quot;_ob_shadough_use&quot;:&quot;no&quot;,&quot;_ob_allow_hoveranimator&quot;:&quot;no&quot;}\" data-widget_type=\"divider.default\">\n\t\t\t\t<div class=\"elementor-widget-container\">\n\t\t\t\t\t\t\t<div class=\"elementor-divider\">\n\t\t\t<span class=\"elementor-divider-separator\">\n\t\t\t\t\t\t<\/span>\n\t\t<\/div>\n\t\t\t\t\t\t<\/div>\n\t\t\t\t<\/div>\n\t\t\t\t<div class=\"elementor-element elementor-element-ad03180 ob-has-background-overlay elementor-widget elementor-widget-gallery\" data-id=\"ad03180\" data-element_type=\"widget\" data-settings=\"{&quot;columns_tablet&quot;:3,&quot;columns_mobile_extra&quot;:3,&quot;columns_mobile&quot;:2,&quot;gallery_layout&quot;:&quot;masonry&quot;,&quot;columns&quot;:4,&quot;gap&quot;:{&quot;unit&quot;:&quot;px&quot;,&quot;size&quot;:10,&quot;sizes&quot;:[]},&quot;gap_tablet&quot;:{&quot;unit&quot;:&quot;px&quot;,&quot;size&quot;:10,&quot;sizes&quot;:[]},&quot;gap_mobile_extra&quot;:{&quot;unit&quot;:&quot;px&quot;,&quot;size&quot;:10,&quot;sizes&quot;:[]},&quot;gap_mobile&quot;:{&quot;unit&quot;:&quot;px&quot;,&quot;size&quot;:10,&quot;sizes&quot;:[]},&quot;link_to&quot;:&quot;file&quot;,&quot;overlay_background&quot;:&quot;yes&quot;,&quot;content_hover_animation&quot;:&quot;fade-in&quot;,&quot;_ob_widget_stalker_use&quot;:&quot;no&quot;,&quot;_ob_poopart_use&quot;:&quot;yes&quot;,&quot;_ob_shadough_use&quot;:&quot;no&quot;,&quot;_ob_allow_hoveranimator&quot;:&quot;no&quot;}\" data-widget_type=\"gallery.default\">\n\t\t\t\t<div class=\"elementor-widget-container\">\n\t\t\t\t\t\t\t<div class=\"elementor-gallery__container\">\n\t\t\t\t\t\t\t<a class=\"e-gallery-item elementor-gallery-item elementor-animated-content\" href=\"https:\/\/www.beerrestaurant.cz\/wp-content\/uploads\/2023\/08\/010-1.webp\" data-elementor-open-lightbox=\"yes\" data-elementor-lightbox-slideshow=\"ad03180\" data-e-action-hash=\"#elementor-action%3Aaction%3Dlightbox%26settings%3DeyJpZCI6MjEwNiwidXJsIjoiaHR0cHM6XC9cL3d3dy5iZWVycmVzdGF1cmFudC5jelwvd3AtY29udGVudFwvdXBsb2Fkc1wvMjAyM1wvMDhcLzAxMC0xLndlYnAiLCJzbGlkZXNob3ciOiJhZDAzMTgwIn0%3D\">\n\t\t\t\t\t<div class=\"e-gallery-image elementor-gallery-item__image\" data-thumbnail=\"https:\/\/www.beerrestaurant.cz\/wp-content\/uploads\/2023\/08\/010-1-300x225.webp\" data-width=\"300\" data-height=\"225\" aria-label=\"\" role=\"img\" ><\/div>\n\t\t\t\t\t\t\t\t\t\t\t<div class=\"elementor-gallery-item__overlay\"><\/div>\n\t\t\t\t\t\t\t\t\t\t\t\t\t\t<\/a>\n\t\t\t\t\t\t\t<a class=\"e-gallery-item elementor-gallery-item elementor-animated-content\" href=\"https:\/\/www.beerrestaurant.cz\/wp-content\/uploads\/2023\/08\/009.webp\" data-elementor-open-lightbox=\"yes\" data-elementor-lightbox-slideshow=\"ad03180\" data-e-action-hash=\"#elementor-action%3Aaction%3Dlightbox%26settings%3DeyJpZCI6MjEwNSwidXJsIjoiaHR0cHM6XC9cL3d3dy5iZWVycmVzdGF1cmFudC5jelwvd3AtY29udGVudFwvdXBsb2Fkc1wvMjAyM1wvMDhcLzAwOS53ZWJwIiwic2xpZGVzaG93IjoiYWQwMzE4MCJ9\">\n\t\t\t\t\t<div class=\"e-gallery-image elementor-gallery-item__image\" data-thumbnail=\"https:\/\/www.beerrestaurant.cz\/wp-content\/uploads\/2023\/08\/009-300x225.webp\" data-width=\"300\" data-height=\"225\" aria-label=\"\" role=\"img\" ><\/div>\n\t\t\t\t\t\t\t\t\t\t\t<div class=\"elementor-gallery-item__overlay\"><\/div>\n\t\t\t\t\t\t\t\t\t\t\t\t\t\t<\/a>\n\t\t\t\t\t\t\t<a class=\"e-gallery-item elementor-gallery-item elementor-animated-content\" href=\"https:\/\/www.beerrestaurant.cz\/wp-content\/uploads\/2023\/08\/103.webp\" data-elementor-open-lightbox=\"yes\" data-elementor-lightbox-slideshow=\"ad03180\" data-e-action-hash=\"#elementor-action%3Aaction%3Dlightbox%26settings%3DeyJpZCI6MjEwOCwidXJsIjoiaHR0cHM6XC9cL3d3dy5iZWVycmVzdGF1cmFudC5jelwvd3AtY29udGVudFwvdXBsb2Fkc1wvMjAyM1wvMDhcLzEwMy53ZWJwIiwic2xpZGVzaG93IjoiYWQwMzE4MCJ9\">\n\t\t\t\t\t<div class=\"e-gallery-image elementor-gallery-item__image\" data-thumbnail=\"https:\/\/www.beerrestaurant.cz\/wp-content\/uploads\/2023\/08\/103-300x225.webp\" data-width=\"300\" data-height=\"225\" aria-label=\"\" role=\"img\" ><\/div>\n\t\t\t\t\t\t\t\t\t\t\t<div class=\"elementor-gallery-item__overlay\"><\/div>\n\t\t\t\t\t\t\t\t\t\t\t\t\t\t<\/a>\n\t\t\t\t\t\t\t<a class=\"e-gallery-item elementor-gallery-item elementor-animated-content\" href=\"https:\/\/www.beerrestaurant.cz\/wp-content\/uploads\/2023\/08\/102.webp\" data-elementor-open-lightbox=\"yes\" data-elementor-lightbox-slideshow=\"ad03180\" data-e-action-hash=\"#elementor-action%3Aaction%3Dlightbox%26settings%3DeyJpZCI6MjEwNywidXJsIjoiaHR0cHM6XC9cL3d3dy5iZWVycmVzdGF1cmFudC5jelwvd3AtY29udGVudFwvdXBsb2Fkc1wvMjAyM1wvMDhcLzEwMi53ZWJwIiwic2xpZGVzaG93IjoiYWQwMzE4MCJ9\">\n\t\t\t\t\t<div class=\"e-gallery-image elementor-gallery-item__image\" data-thumbnail=\"https:\/\/www.beerrestaurant.cz\/wp-content\/uploads\/2023\/08\/102-300x225.webp\" data-width=\"300\" data-height=\"225\" aria-label=\"\" role=\"img\" ><\/div>\n\t\t\t\t\t\t\t\t\t\t\t<div class=\"elementor-gallery-item__overlay\"><\/div>\n\t\t\t\t\t\t\t\t\t\t\t\t\t\t<\/a>\n\t\t\t\t\t\t\t<a class=\"e-gallery-item elementor-gallery-item elementor-animated-content\" href=\"https:\/\/www.beerrestaurant.cz\/wp-content\/uploads\/2023\/08\/154.webp\" data-elementor-open-lightbox=\"yes\" data-elementor-lightbox-slideshow=\"ad03180\" data-e-action-hash=\"#elementor-action%3Aaction%3Dlightbox%26settings%3DeyJpZCI6MjEwNCwidXJsIjoiaHR0cHM6XC9cL3d3dy5iZWVycmVzdGF1cmFudC5jelwvd3AtY29udGVudFwvdXBsb2Fkc1wvMjAyM1wvMDhcLzE1NC53ZWJwIiwic2xpZGVzaG93IjoiYWQwMzE4MCJ9\">\n\t\t\t\t\t<div class=\"e-gallery-image elementor-gallery-item__image\" data-thumbnail=\"https:\/\/www.beerrestaurant.cz\/wp-content\/uploads\/2023\/08\/154-300x225.webp\" data-width=\"300\" data-height=\"225\" aria-label=\"\" role=\"img\" ><\/div>\n\t\t\t\t\t\t\t\t\t\t\t<div class=\"elementor-gallery-item__overlay\"><\/div>\n\t\t\t\t\t\t\t\t\t\t\t\t\t\t<\/a>\n\t\t\t\t\t\t\t<a class=\"e-gallery-item elementor-gallery-item elementor-animated-content\" href=\"https:\/\/www.beerrestaurant.cz\/wp-content\/uploads\/2023\/08\/142.webp\" data-elementor-open-lightbox=\"yes\" data-elementor-lightbox-slideshow=\"ad03180\" data-e-action-hash=\"#elementor-action%3Aaction%3Dlightbox%26settings%3DeyJpZCI6MjEwMywidXJsIjoiaHR0cHM6XC9cL3d3dy5iZWVycmVzdGF1cmFudC5jelwvd3AtY29udGVudFwvdXBsb2Fkc1wvMjAyM1wvMDhcLzE0Mi53ZWJwIiwic2xpZGVzaG93IjoiYWQwMzE4MCJ9\">\n\t\t\t\t\t<div class=\"e-gallery-image elementor-gallery-item__image\" data-thumbnail=\"https:\/\/www.beerrestaurant.cz\/wp-content\/uploads\/2023\/08\/142-300x225.webp\" data-width=\"300\" data-height=\"225\" aria-label=\"\" role=\"img\" ><\/div>\n\t\t\t\t\t\t\t\t\t\t\t<div class=\"elementor-gallery-item__overlay\"><\/div>\n\t\t\t\t\t\t\t\t\t\t\t\t\t\t<\/a>\n\t\t\t\t\t\t\t<a class=\"e-gallery-item elementor-gallery-item elementor-animated-content\" href=\"https:\/\/www.beerrestaurant.cz\/wp-content\/uploads\/2023\/08\/141.webp\" data-elementor-open-lightbox=\"yes\" data-elementor-lightbox-slideshow=\"ad03180\" data-e-action-hash=\"#elementor-action%3Aaction%3Dlightbox%26settings%3DeyJpZCI6MjEwMiwidXJsIjoiaHR0cHM6XC9cL3d3dy5iZWVycmVzdGF1cmFudC5jelwvd3AtY29udGVudFwvdXBsb2Fkc1wvMjAyM1wvMDhcLzE0MS53ZWJwIiwic2xpZGVzaG93IjoiYWQwMzE4MCJ9\">\n\t\t\t\t\t<div class=\"e-gallery-image elementor-gallery-item__image\" data-thumbnail=\"https:\/\/www.beerrestaurant.cz\/wp-content\/uploads\/2023\/08\/141-300x225.webp\" data-width=\"300\" data-height=\"225\" aria-label=\"\" role=\"img\" ><\/div>\n\t\t\t\t\t\t\t\t\t\t\t<div class=\"elementor-gallery-item__overlay\"><\/div>\n\t\t\t\t\t\t\t\t\t\t\t\t\t\t<\/a>\n\t\t\t\t\t\t\t<a class=\"e-gallery-item elementor-gallery-item elementor-animated-content\" href=\"https:\/\/www.beerrestaurant.cz\/wp-content\/uploads\/2023\/08\/139.webp\" data-elementor-open-lightbox=\"yes\" data-elementor-lightbox-slideshow=\"ad03180\" data-e-action-hash=\"#elementor-action%3Aaction%3Dlightbox%26settings%3DeyJpZCI6MjEwMSwidXJsIjoiaHR0cHM6XC9cL3d3dy5iZWVycmVzdGF1cmFudC5jelwvd3AtY29udGVudFwvdXBsb2Fkc1wvMjAyM1wvMDhcLzEzOS53ZWJwIiwic2xpZGVzaG93IjoiYWQwMzE4MCJ9\">\n\t\t\t\t\t<div class=\"e-gallery-image elementor-gallery-item__image\" data-thumbnail=\"https:\/\/www.beerrestaurant.cz\/wp-content\/uploads\/2023\/08\/139-300x225.webp\" data-width=\"300\" data-height=\"225\" aria-label=\"\" role=\"img\" ><\/div>\n\t\t\t\t\t\t\t\t\t\t\t<div class=\"elementor-gallery-item__overlay\"><\/div>\n\t\t\t\t\t\t\t\t\t\t\t\t\t\t<\/a>\n\t\t\t\t\t\t\t<a class=\"e-gallery-item elementor-gallery-item elementor-animated-content\" href=\"https:\/\/www.beerrestaurant.cz\/wp-content\/uploads\/2023\/08\/137.webp\" data-elementor-open-lightbox=\"yes\" data-elementor-lightbox-slideshow=\"ad03180\" data-e-action-hash=\"#elementor-action%3Aaction%3Dlightbox%26settings%3DeyJpZCI6MjEwMCwidXJsIjoiaHR0cHM6XC9cL3d3dy5iZWVycmVzdGF1cmFudC5jelwvd3AtY29udGVudFwvdXBsb2Fkc1wvMjAyM1wvMDhcLzEzNy53ZWJwIiwic2xpZGVzaG93IjoiYWQwMzE4MCJ9\">\n\t\t\t\t\t<div class=\"e-gallery-image elementor-gallery-item__image\" data-thumbnail=\"https:\/\/www.beerrestaurant.cz\/wp-content\/uploads\/2023\/08\/137-300x225.webp\" data-width=\"300\" data-height=\"225\" aria-label=\"\" role=\"img\" ><\/div>\n\t\t\t\t\t\t\t\t\t\t\t<div class=\"elementor-gallery-item__overlay\"><\/div>\n\t\t\t\t\t\t\t\t\t\t\t\t\t\t<\/a>\n\t\t\t\t\t\t\t<a class=\"e-gallery-item elementor-gallery-item elementor-animated-content\" href=\"https:\/\/www.beerrestaurant.cz\/wp-content\/uploads\/2023\/08\/130.webp\" data-elementor-open-lightbox=\"yes\" data-elementor-lightbox-slideshow=\"ad03180\" data-e-action-hash=\"#elementor-action%3Aaction%3Dlightbox%26settings%3DeyJpZCI6MjA5OSwidXJsIjoiaHR0cHM6XC9cL3d3dy5iZWVycmVzdGF1cmFudC5jelwvd3AtY29udGVudFwvdXBsb2Fkc1wvMjAyM1wvMDhcLzEzMC53ZWJwIiwic2xpZGVzaG93IjoiYWQwMzE4MCJ9\">\n\t\t\t\t\t<div class=\"e-gallery-image elementor-gallery-item__image\" data-thumbnail=\"https:\/\/www.beerrestaurant.cz\/wp-content\/uploads\/2023\/08\/130-300x225.webp\" data-width=\"300\" data-height=\"225\" aria-label=\"\" role=\"img\" ><\/div>\n\t\t\t\t\t\t\t\t\t\t\t<div class=\"elementor-gallery-item__overlay\"><\/div>\n\t\t\t\t\t\t\t\t\t\t\t\t\t\t<\/a>\n\t\t\t\t\t\t\t<a class=\"e-gallery-item elementor-gallery-item elementor-animated-content\" href=\"https:\/\/www.beerrestaurant.cz\/wp-content\/uploads\/2023\/08\/124.webp\" data-elementor-open-lightbox=\"yes\" data-elementor-lightbox-slideshow=\"ad03180\" data-e-action-hash=\"#elementor-action%3Aaction%3Dlightbox%26settings%3DeyJpZCI6MjA5OCwidXJsIjoiaHR0cHM6XC9cL3d3dy5iZWVycmVzdGF1cmFudC5jelwvd3AtY29udGVudFwvdXBsb2Fkc1wvMjAyM1wvMDhcLzEyNC53ZWJwIiwic2xpZGVzaG93IjoiYWQwMzE4MCJ9\">\n\t\t\t\t\t<div class=\"e-gallery-image elementor-gallery-item__image\" data-thumbnail=\"https:\/\/www.beerrestaurant.cz\/wp-content\/uploads\/2023\/08\/124-300x225.webp\" data-width=\"300\" data-height=\"225\" aria-label=\"\" role=\"img\" ><\/div>\n\t\t\t\t\t\t\t\t\t\t\t<div class=\"elementor-gallery-item__overlay\"><\/div>\n\t\t\t\t\t\t\t\t\t\t\t\t\t\t<\/a>\n\t\t\t\t\t\t\t<a class=\"e-gallery-item elementor-gallery-item elementor-animated-content\" href=\"https:\/\/www.beerrestaurant.cz\/wp-content\/uploads\/2023\/08\/121.webp\" data-elementor-open-lightbox=\"yes\" data-elementor-lightbox-slideshow=\"ad03180\" data-e-action-hash=\"#elementor-action%3Aaction%3Dlightbox%26settings%3DeyJpZCI6MjA5NywidXJsIjoiaHR0cHM6XC9cL3d3dy5iZWVycmVzdGF1cmFudC5jelwvd3AtY29udGVudFwvdXBsb2Fkc1wvMjAyM1wvMDhcLzEyMS53ZWJwIiwic2xpZGVzaG93IjoiYWQwMzE4MCJ9\">\n\t\t\t\t\t<div class=\"e-gallery-image elementor-gallery-item__image\" data-thumbnail=\"https:\/\/www.beerrestaurant.cz\/wp-content\/uploads\/2023\/08\/121-300x225.webp\" data-width=\"300\" data-height=\"225\" aria-label=\"\" role=\"img\" ><\/div>\n\t\t\t\t\t\t\t\t\t\t\t<div class=\"elementor-gallery-item__overlay\"><\/div>\n\t\t\t\t\t\t\t\t\t\t\t\t\t\t<\/a>\n\t\t\t\t\t\t\t<a class=\"e-gallery-item elementor-gallery-item elementor-animated-content\" href=\"https:\/\/www.beerrestaurant.cz\/wp-content\/uploads\/2023\/08\/118.webp\" data-elementor-open-lightbox=\"yes\" data-elementor-lightbox-slideshow=\"ad03180\" data-e-action-hash=\"#elementor-action%3Aaction%3Dlightbox%26settings%3DeyJpZCI6MjA5NiwidXJsIjoiaHR0cHM6XC9cL3d3dy5iZWVycmVzdGF1cmFudC5jelwvd3AtY29udGVudFwvdXBsb2Fkc1wvMjAyM1wvMDhcLzExOC53ZWJwIiwic2xpZGVzaG93IjoiYWQwMzE4MCJ9\">\n\t\t\t\t\t<div class=\"e-gallery-image elementor-gallery-item__image\" data-thumbnail=\"https:\/\/www.beerrestaurant.cz\/wp-content\/uploads\/2023\/08\/118-300x225.webp\" data-width=\"300\" data-height=\"225\" aria-label=\"\" role=\"img\" ><\/div>\n\t\t\t\t\t\t\t\t\t\t\t<div class=\"elementor-gallery-item__overlay\"><\/div>\n\t\t\t\t\t\t\t\t\t\t\t\t\t\t<\/a>\n\t\t\t\t\t\t\t<a class=\"e-gallery-item elementor-gallery-item elementor-animated-content\" href=\"https:\/\/www.beerrestaurant.cz\/wp-content\/uploads\/2023\/08\/116.webp\" data-elementor-open-lightbox=\"yes\" data-elementor-lightbox-slideshow=\"ad03180\" data-e-action-hash=\"#elementor-action%3Aaction%3Dlightbox%26settings%3DeyJpZCI6MjA5NSwidXJsIjoiaHR0cHM6XC9cL3d3dy5iZWVycmVzdGF1cmFudC5jelwvd3AtY29udGVudFwvdXBsb2Fkc1wvMjAyM1wvMDhcLzExNi53ZWJwIiwic2xpZGVzaG93IjoiYWQwMzE4MCJ9\">\n\t\t\t\t\t<div class=\"e-gallery-image elementor-gallery-item__image\" data-thumbnail=\"https:\/\/www.beerrestaurant.cz\/wp-content\/uploads\/2023\/08\/116-300x225.webp\" data-width=\"300\" data-height=\"225\" aria-label=\"\" role=\"img\" ><\/div>\n\t\t\t\t\t\t\t\t\t\t\t<div class=\"elementor-gallery-item__overlay\"><\/div>\n\t\t\t\t\t\t\t\t\t\t\t\t\t\t<\/a>\n\t\t\t\t\t\t\t<a class=\"e-gallery-item elementor-gallery-item elementor-animated-content\" href=\"https:\/\/www.beerrestaurant.cz\/wp-content\/uploads\/2023\/08\/107.webp\" data-elementor-open-lightbox=\"yes\" data-elementor-lightbox-slideshow=\"ad03180\" data-e-action-hash=\"#elementor-action%3Aaction%3Dlightbox%26settings%3DeyJpZCI6MjA5NCwidXJsIjoiaHR0cHM6XC9cL3d3dy5iZWVycmVzdGF1cmFudC5jelwvd3AtY29udGVudFwvdXBsb2Fkc1wvMjAyM1wvMDhcLzEwNy53ZWJwIiwic2xpZGVzaG93IjoiYWQwMzE4MCJ9\">\n\t\t\t\t\t<div class=\"e-gallery-image elementor-gallery-item__image\" data-thumbnail=\"https:\/\/www.beerrestaurant.cz\/wp-content\/uploads\/2023\/08\/107-300x225.webp\" data-width=\"300\" data-height=\"225\" aria-label=\"\" role=\"img\" ><\/div>\n\t\t\t\t\t\t\t\t\t\t\t<div class=\"elementor-gallery-item__overlay\"><\/div>\n\t\t\t\t\t\t\t\t\t\t\t\t\t\t<\/a>\n\t\t\t\t\t<\/div>\n\t\t\t\t\t<\/div>\n\t\t\t\t<\/div>\n\t\t\t\t\t<\/div>\n\t\t\t\t<\/div>\n\t\t\t\t<\/div>\n\t\t","protected":false},"excerpt":{"rendered":"<p>See what we offer on the menu<\/p>\n","protected":false},"author":2,"featured_media":0,"parent":1702,"menu_order":0,"comment_status":"closed","ping_status":"closed","template":"","meta":{"footnotes":""},"folder":[31],"class_list":["post-1770","page","type-page","status-publish","hentry"],"_links":{"self":[{"href":"https:\/\/www.beerrestaurant.cz\/en\/wp-json\/wp\/v2\/pages\/1770","targetHints":{"allow":["GET"]}}],"collection":[{"href":"https:\/\/www.beerrestaurant.cz\/en\/wp-json\/wp\/v2\/pages"}],"about":[{"href":"https:\/\/www.beerrestaurant.cz\/en\/wp-json\/wp\/v2\/types\/page"}],"author":[{"embeddable":true,"href":"https:\/\/www.beerrestaurant.cz\/en\/wp-json\/wp\/v2\/users\/2"}],"replies":[{"embeddable":true,"href":"https:\/\/www.beerrestaurant.cz\/en\/wp-json\/wp\/v2\/comments?post=1770"}],"version-history":[{"count":5,"href":"https:\/\/www.beerrestaurant.cz\/en\/wp-json\/wp\/v2\/pages\/1770\/revisions"}],"predecessor-version":[{"id":2224,"href":"https:\/\/www.beerrestaurant.cz\/en\/wp-json\/wp\/v2\/pages\/1770\/revisions\/2224"}],"up":[{"embeddable":true,"href":"https:\/\/www.beerrestaurant.cz\/en\/wp-json\/wp\/v2\/pages\/1702"}],"wp:attachment":[{"href":"https:\/\/www.beerrestaurant.cz\/en\/wp-json\/wp\/v2\/media?parent=1770"}],"wp:term":[{"taxonomy":"folder","embeddable":true,"href":"https:\/\/www.beerrestaurant.cz\/en\/wp-json\/wp\/v2\/folder?post=1770"}],"curies":[{"name":"wp","href":"https:\/\/api.w.org\/{rel}","templated":true}]}}