{"id":1913,"date":"2023-06-22T14:20:37","date_gmt":"2023-06-22T14:20:37","guid":{"rendered":"https:\/\/www.beerrestaurant.cz\/?page_id=1913"},"modified":"2023-08-28T11:15:22","modified_gmt":"2023-08-28T11:15:22","slug":"menu-es","status":"publish","type":"page","link":"https:\/\/www.beerrestaurant.cz\/cs\/u-cerneho-medveda\/menu-es\/","title":{"rendered":"U \u010cern\u00e9ho Medv\u011bda Menu ES"},"content":{"rendered":"<div data-elementor-type=\"wp-page\" data-elementor-id=\"1913\" class=\"elementor elementor-1913\" data-elementor-post-type=\"page\">\n\t\t\t\t<div class=\"elementor-element elementor-element-0ca3299 e-flex e-con-boxed e-con e-parent\" data-id=\"0ca3299\" data-element_type=\"container\" data-settings=\"{&quot;_ob_use_container_extras&quot;:&quot;no&quot;,&quot;_ob_column_hoveranimator&quot;:&quot;no&quot;,&quot;_ob_glider_is_slider&quot;:&quot;no&quot;,&quot;_ob_column_has_pseudo&quot;:&quot;no&quot;}\">\n\t\t\t\t\t<div class=\"e-con-inner\">\n\t\t<div class=\"elementor-element elementor-element-c1c1ff9 e-con-full e-flex e-con e-parent\" data-id=\"c1c1ff9\" data-element_type=\"container\" data-settings=\"{&quot;_ob_use_container_extras&quot;:&quot;no&quot;,&quot;_ob_column_hoveranimator&quot;:&quot;no&quot;,&quot;_ob_glider_is_slider&quot;:&quot;no&quot;,&quot;_ob_column_has_pseudo&quot;:&quot;no&quot;}\">\n\t\t\t\t<div class=\"elementor-element elementor-element-1c4305a ob-harakiri-inherit ob-has-background-overlay elementor-widget elementor-widget-heading\" data-id=\"1c4305a\" data-element_type=\"widget\" data-settings=\"{&quot;_ob_use_harakiri&quot;:&quot;yes&quot;,&quot;_ob_harakiri_writing_mode&quot;:&quot;inherit&quot;,&quot;_ob_harakiri_text_clip&quot;:&quot;none&quot;,&quot;_ob_widget_stalker_use&quot;:&quot;no&quot;,&quot;_ob_poopart_use&quot;:&quot;yes&quot;,&quot;_ob_shadough_use&quot;:&quot;no&quot;,&quot;_ob_allow_hoveranimator&quot;:&quot;no&quot;}\" data-widget_type=\"heading.default\">\n\t\t\t\t<div class=\"elementor-widget-container\">\n\t\t\t\t\t<h1 class=\"elementor-heading-title elementor-size-default\">Men\u00fa<\/h1>\t\t\t\t<\/div>\n\t\t\t\t<\/div>\n\t\t\t\t<div class=\"elementor-element elementor-element-ec3ebe6 elementor-widget__width-initial ob-has-background-overlay elementor-widget elementor-widget-image\" data-id=\"ec3ebe6\" data-element_type=\"widget\" data-settings=\"{&quot;_ob_photomorph_use&quot;:&quot;no&quot;,&quot;_ob_widget_stalker_use&quot;:&quot;no&quot;,&quot;_ob_poopart_use&quot;:&quot;yes&quot;,&quot;_ob_shadough_use&quot;:&quot;no&quot;,&quot;_ob_allow_hoveranimator&quot;:&quot;no&quot;}\" data-widget_type=\"image.default\">\n\t\t\t\t<div class=\"elementor-widget-container\">\n\t\t\t\t\t\t\t\t\t\t\t\t\t\t\t<img fetchpriority=\"high\" decoding=\"async\" width=\"800\" height=\"480\" src=\"https:\/\/www.beerrestaurant.cz\/wp-content\/uploads\/2022\/06\/Bandera_de_Espana_sin_escudo.svg\" class=\"attachment-large size-large wp-image-100\" alt=\"\" \/>\t\t\t\t\t\t\t\t\t\t\t\t\t\t\t<\/div>\n\t\t\t\t<\/div>\n\t\t\t\t<\/div>\n\t\t\t\t<div class=\"elementor-element elementor-element-b62c3a8 ob-has-background-overlay elementor-widget elementor-widget-shortcode\" data-id=\"b62c3a8\" data-element_type=\"widget\" data-settings=\"{&quot;_ob_widget_stalker_use&quot;:&quot;no&quot;,&quot;_ob_poopart_use&quot;:&quot;yes&quot;,&quot;_ob_shadough_use&quot;:&quot;no&quot;,&quot;_ob_allow_hoveranimator&quot;:&quot;no&quot;}\" data-widget_type=\"shortcode.default\">\n\t\t\t\t<div class=\"elementor-widget-container\">\n\t\t\t\t\t\t\t<div class=\"elementor-shortcode\">\n<table id=\"tablepress-24\" class=\"tablepress tablepress-id-24 tbody-has-connected-cells\">\n<thead>\n<tr class=\"row-1\">\n\t<th colspan=\"2\" class=\"column-1\">Aperitivos<\/th>\n<\/tr>\n<\/thead>\n<tbody class=\"row-striping row-hover\">\n<tr class=\"row-2\">\n\t<td class=\"column-1\">Steak tartar mixto preparado por encargo a partir de aut\u00e9ntico solomillo de ternera. Servido con tostadas.<\/td><td class=\"column-2\">325,-<\/td>\n<\/tr>\n<tr class=\"row-3\">\n\t<td class=\"column-1\">Salchichas asadas a la cerveza negra con salsa de verduras ligeramente picante. Servido con pan fresco.<\/td><td class=\"column-2\">215,-<\/td>\n<\/tr>\n<tr class=\"row-4\">\n\t<td class=\"column-1\">Camembert marinado a la parrilla con ensalada, salsa de ar\u00e1ndanos y frambuesas y pan.<\/td><td class=\"column-2\">225,-<\/td>\n<\/tr>\n<tr class=\"row-5\">\n\t<td colspan=\"2\" class=\"column-1\">Sopas<\/td>\n<\/tr>\n<tr class=\"row-6\">\n\t<td class=\"column-1\">Sopa de patata tradicional checa con champi\u00f1ones.<\/td><td class=\"column-2\">135,-<\/td>\n<\/tr>\n<tr class=\"row-7\">\n\t<td class=\"column-1\">Sopa de patata tradicional checa con champi\u00f1ones, servida en pan reci\u00e9n horneado.<\/td><td class=\"column-2\">195,-<\/td>\n<\/tr>\n<tr class=\"row-8\">\n\t<td colspan=\"2\" class=\"column-1\">Ensaladas<\/td>\n<\/tr>\n<tr class=\"row-9\">\n\t<td class=\"column-1\">Ensalada Shopska cl\u00e1sica: tomates, pepinos y pimientos frescos con aceite de oliva y queso blanco tipo Sirene.<\/td><td class=\"column-2\">145,-\/235,-<\/td>\n<\/tr>\n<tr class=\"row-10\">\n\t<td class=\"column-1\">Lechuga romana con aderezo casero, picatostes y queso parmesano. Con pechuga de pollo a la parillaLa ensalada de col favorita de todos, hecha con col blanca y roja.<\/td><td class=\"column-2\">220,-\/295,-<\/td>\n<\/tr>\n<tr class=\"row-11\">\n\t<td class=\"column-1\">La ensalada de col favorita de todos, hecha con col blanca y roja.<\/td><td class=\"column-2\">95,-<\/td>\n<\/tr>\n<tr class=\"row-12\">\n\t<td colspan=\"2\" class=\"column-1\">Especialidades checas<\/td>\n<\/tr>\n<tr class=\"row-13\">\n\t<td class=\"column-1\">Codillo de cerdo asado hasta que est\u00e9 tierno, servido con verduras en escabeche, ensalada de col, mostaza, r\u00e1bano picante y pan fresco.<\/td><td class=\"column-2\">575,-<\/td>\n<\/tr>\n<tr class=\"row-14\">\n\t<td class=\"column-1\">Goulash de jarrete de ternera guisado a la cerveza. Servido con cebolla, pepperoni y alb\u00f3ndigas de pan caseras.<\/td><td class=\"column-2\">355,-<\/td>\n<\/tr>\n<tr class=\"row-15\">\n\t<td class=\"column-1\">Goulash de jarrete de ternera guisado a la cerveza. Servido con cebolla y pepperoni en pan reci\u00e9n horneado.<\/td><td class=\"column-2\">415,-<\/td>\n<\/tr>\n<tr class=\"row-16\">\n\t<td class=\"column-1\">Muslo de pato asado, servido con col roja, patatas y alb\u00f3ndigas de pan.<\/td><td class=\"column-2\">435,-<\/td>\n<\/tr>\n<tr class=\"row-17\">\n\t<td class=\"column-1\">Chuletitas doradas de pollo, servidas con ensalada de patata casera.<\/td><td class=\"column-2\">325,-<\/td>\n<\/tr>\n<tr class=\"row-18\">\n\t<td class=\"column-1\">Cerdo \u2013 alb\u00f3ndigas \u2013 chucrut. Cuello de cerdo asado hasta que est\u00e9 tierno, con col estofada y alb\u00f3ndigas de pan y de patatas.<\/td><td class=\"column-2\">335,-<\/td>\n<\/tr>\n<tr class=\"row-19\">\n\t<td class=\"column-1\">Camembert frito dorado con patatas fritas crujientes y salsa t\u00e1rtara casera.<\/td><td class=\"column-2\">295,-<\/td>\n<\/tr>\n<tr class=\"row-20\">\n\t<td class=\"column-1\">Pechuga de pollo a la parrilla con piel marinada en vino, miel y hierbas, verduras a la parrilla, pesto fresco y mayonesa de hierbas.<\/td><td class=\"column-2\">355,-<\/td>\n<\/tr>\n<tr class=\"row-21\">\n\t<td class=\"column-1\">Hamburguesa con pulled pork, salsa BBQ, queso cheddar, cebolla frita, lechuga y tomate en brioche, ensalada de col. Servido con patatas fritas.<\/td><td class=\"column-2\">355,-<\/td>\n<\/tr>\n<tr class=\"row-22\">\n\t<td colspan=\"2\" class=\"column-1\">Postres<\/td>\n<\/tr>\n<tr class=\"row-23\">\n\t<td class=\"column-1\">Panqueques con queso crema y ar\u00e1ndanos.<\/td><td class=\"column-2\">145,-<\/td>\n<\/tr>\n<tr class=\"row-24\">\n\t<td class=\"column-1\">Strudel de manzana con helado de vainilla.<\/td><td class=\"column-2\">135,-<\/td>\n<\/tr>\n<tr class=\"row-25\">\n\t<td class=\"column-1\">Macedonia con helado, frambuesas calientes y nata montada.<\/td><td class=\"column-2\">125,-<\/td>\n<\/tr>\n<tr class=\"row-26\">\n\t<td colspan=\"2\" class=\"column-1\">Guarniciones<\/td>\n<\/tr>\n<tr class=\"row-27\">\n\t<td class=\"column-1\">Patatas fritas<\/td><td class=\"column-2\">95,-<\/td>\n<\/tr>\n<tr class=\"row-28\">\n\t<td class=\"column-1\">Ensalada de patatas casera<\/td><td class=\"column-2\">125,-<\/td>\n<\/tr>\n<tr class=\"row-29\">\n\t<td class=\"column-1\">Cesta de pan<\/td><td class=\"column-2\">55,-<\/td>\n<\/tr>\n<tr class=\"row-30\">\n\t<td class=\"column-1\">Alb\u00f3ndigas de oruga y patata<\/td><td class=\"column-2\">75,-<\/td>\n<\/tr>\n<tr class=\"row-31\">\n\t<td class=\"column-1\">Verduras a la parrilla<\/td><td class=\"column-2\">95,-<\/td>\n<\/tr>\n<tr class=\"row-32\">\n\t<td class=\"column-1\">Ensalada de hojas rotas a mano<\/td><td class=\"column-2\">95,-<\/td>\n<\/tr>\n<tr class=\"row-33\">\n\t<td class=\"column-1\">Col estofada<\/td><td class=\"column-2\">95,-<\/td>\n<\/tr>\n<tr class=\"row-34\">\n\t<td class=\"column-1\">Ensalada de col<\/td><td class=\"column-2\">85,-<\/td>\n<\/tr>\n<\/tbody>\n<\/table>\n<!-- #tablepress-24 from cache --><\/div>\n\t\t\t\t\t\t<\/div>\n\t\t\t\t<\/div>\n\t\t\t\t\t<\/div>\n\t\t\t\t<\/div>\n\t\t\t\t<\/div>","protected":false},"excerpt":{"rendered":"<p>Men\u00fa<\/p>","protected":false},"author":2,"featured_media":0,"parent":1702,"menu_order":0,"comment_status":"closed","ping_status":"closed","template":"","meta":{"footnotes":""},"folder":[35],"class_list":["post-1913","page","type-page","status-publish","hentry"],"_links":{"self":[{"href":"https:\/\/www.beerrestaurant.cz\/cs\/wp-json\/wp\/v2\/pages\/1913","targetHints":{"allow":["GET"]}}],"collection":[{"href":"https:\/\/www.beerrestaurant.cz\/cs\/wp-json\/wp\/v2\/pages"}],"about":[{"href":"https:\/\/www.beerrestaurant.cz\/cs\/wp-json\/wp\/v2\/types\/page"}],"author":[{"embeddable":true,"href":"https:\/\/www.beerrestaurant.cz\/cs\/wp-json\/wp\/v2\/users\/2"}],"replies":[{"embeddable":true,"href":"https:\/\/www.beerrestaurant.cz\/cs\/wp-json\/wp\/v2\/comments?post=1913"}],"version-history":[{"count":4,"href":"https:\/\/www.beerrestaurant.cz\/cs\/wp-json\/wp\/v2\/pages\/1913\/revisions"}],"predecessor-version":[{"id":2307,"href":"https:\/\/www.beerrestaurant.cz\/cs\/wp-json\/wp\/v2\/pages\/1913\/revisions\/2307"}],"up":[{"embeddable":true,"href":"https:\/\/www.beerrestaurant.cz\/cs\/wp-json\/wp\/v2\/pages\/1702"}],"wp:attachment":[{"href":"https:\/\/www.beerrestaurant.cz\/cs\/wp-json\/wp\/v2\/media?parent=1913"}],"wp:term":[{"taxonomy":"folder","embeddable":true,"href":"https:\/\/www.beerrestaurant.cz\/cs\/wp-json\/wp\/v2\/folder?post=1913"}],"curies":[{"name":"wp","href":"https:\/\/api.w.org\/{rel}","templated":true}]}}