{"id":1773,"date":"2023-06-22T11:21:57","date_gmt":"2023-06-22T11:21:57","guid":{"rendered":"https:\/\/www.beerrestaurant.cz\/?page_id=1773"},"modified":"2023-08-25T12:23:05","modified_gmt":"2023-08-25T12:23:05","slug":"restaurant-gallery","status":"publish","type":"page","link":"https:\/\/www.beerrestaurant.cz\/cs\/u-cerneho-medveda\/restaurant-gallery\/","title":{"rendered":"U \u010cern\u00e9ho Medv\u011bda Restaurant Gallery"},"content":{"rendered":"<div data-elementor-type=\"wp-page\" data-elementor-id=\"1773\" class=\"elementor elementor-1773\" data-elementor-post-type=\"page\">\n\t\t\t\t<div class=\"elementor-element elementor-element-0d3b141 e-flex e-con-boxed e-con e-parent\" data-id=\"0d3b141\" data-element_type=\"container\" data-settings=\"{&quot;_ob_use_container_extras&quot;:&quot;no&quot;,&quot;_ob_column_hoveranimator&quot;:&quot;no&quot;,&quot;_ob_glider_is_slider&quot;:&quot;no&quot;,&quot;_ob_column_has_pseudo&quot;:&quot;no&quot;}\">\n\t\t\t\t\t<div class=\"e-con-inner\">\n\t\t\t\t<div class=\"elementor-element elementor-element-42d7ce1 elementor-widget-mobile__width-initial ob-harakiri-inherit ob-has-background-overlay elementor-widget elementor-widget-heading\" data-id=\"42d7ce1\" data-element_type=\"widget\" data-settings=\"{&quot;_ob_use_harakiri&quot;:&quot;yes&quot;,&quot;_ob_harakiri_writing_mode&quot;:&quot;inherit&quot;,&quot;_ob_harakiri_text_clip&quot;:&quot;none&quot;,&quot;_ob_widget_stalker_use&quot;:&quot;no&quot;,&quot;_ob_poopart_use&quot;:&quot;yes&quot;,&quot;_ob_shadough_use&quot;:&quot;no&quot;,&quot;_ob_allow_hoveranimator&quot;:&quot;no&quot;}\" data-widget_type=\"heading.default\">\n\t\t\t\t<div class=\"elementor-widget-container\">\n\t\t\t\t\t<h1 class=\"elementor-heading-title elementor-size-default\">Prohl\u00e9dn\u011bte si restauraci<\/h1>\t\t\t\t<\/div>\n\t\t\t\t<\/div>\n\t\t\t\t<div class=\"elementor-element elementor-element-c2d30f1 elementor-widget-divider--view-line ob-has-background-overlay elementor-widget elementor-widget-divider\" data-id=\"c2d30f1\" data-element_type=\"widget\" data-settings=\"{&quot;_ob_widget_stalker_use&quot;:&quot;no&quot;,&quot;_ob_poopart_use&quot;:&quot;yes&quot;,&quot;_ob_shadough_use&quot;:&quot;no&quot;,&quot;_ob_allow_hoveranimator&quot;:&quot;no&quot;}\" data-widget_type=\"divider.default\">\n\t\t\t\t<div class=\"elementor-widget-container\">\n\t\t\t\t\t\t\t<div class=\"elementor-divider\">\n\t\t\t<span class=\"elementor-divider-separator\">\n\t\t\t\t\t\t<\/span>\n\t\t<\/div>\n\t\t\t\t\t\t<\/div>\n\t\t\t\t<\/div>\n\t\t\t\t<div class=\"elementor-element elementor-element-d4d090a ob-has-background-overlay elementor-widget elementor-widget-gallery\" data-id=\"d4d090a\" data-element_type=\"widget\" data-settings=\"{&quot;gallery_layout&quot;:&quot;justified&quot;,&quot;ideal_row_height&quot;:{&quot;unit&quot;:&quot;px&quot;,&quot;size&quot;:200,&quot;sizes&quot;:[]},&quot;ideal_row_height_tablet&quot;:{&quot;unit&quot;:&quot;px&quot;,&quot;size&quot;:150,&quot;sizes&quot;:[]},&quot;ideal_row_height_mobile_extra&quot;:{&quot;unit&quot;:&quot;px&quot;,&quot;size&quot;:150,&quot;sizes&quot;:[]},&quot;ideal_row_height_mobile&quot;:{&quot;unit&quot;:&quot;px&quot;,&quot;size&quot;:150,&quot;sizes&quot;:[]},&quot;gap&quot;:{&quot;unit&quot;:&quot;px&quot;,&quot;size&quot;:10,&quot;sizes&quot;:[]},&quot;gap_tablet&quot;:{&quot;unit&quot;:&quot;px&quot;,&quot;size&quot;:10,&quot;sizes&quot;:[]},&quot;gap_mobile_extra&quot;:{&quot;unit&quot;:&quot;px&quot;,&quot;size&quot;:10,&quot;sizes&quot;:[]},&quot;gap_mobile&quot;:{&quot;unit&quot;:&quot;px&quot;,&quot;size&quot;:10,&quot;sizes&quot;:[]},&quot;link_to&quot;:&quot;file&quot;,&quot;overlay_background&quot;:&quot;yes&quot;,&quot;content_hover_animation&quot;:&quot;fade-in&quot;,&quot;_ob_widget_stalker_use&quot;:&quot;no&quot;,&quot;_ob_poopart_use&quot;:&quot;yes&quot;,&quot;_ob_shadough_use&quot;:&quot;no&quot;,&quot;_ob_allow_hoveranimator&quot;:&quot;no&quot;}\" data-widget_type=\"gallery.default\">\n\t\t\t\t<div class=\"elementor-widget-container\">\n\t\t\t\t\t\t\t<div class=\"elementor-gallery__container\">\n\t\t\t\t\t\t\t<a class=\"e-gallery-item elementor-gallery-item elementor-animated-content\" href=\"https:\/\/www.beerrestaurant.cz\/wp-content\/uploads\/2023\/08\/003-108.webp\" data-elementor-open-lightbox=\"yes\" data-elementor-lightbox-slideshow=\"d4d090a\" data-e-action-hash=\"#elementor-action%3Aaction%3Dlightbox%26settings%3DeyJpZCI6MjA4NCwidXJsIjoiaHR0cHM6XC9cL3d3dy5iZWVycmVzdGF1cmFudC5jelwvd3AtY29udGVudFwvdXBsb2Fkc1wvMjAyM1wvMDhcLzAwMy0xMDgud2VicCIsInNsaWRlc2hvdyI6ImQ0ZDA5MGEifQ%3D%3D\">\n\t\t\t\t\t<div class=\"e-gallery-image elementor-gallery-item__image\" data-thumbnail=\"https:\/\/www.beerrestaurant.cz\/wp-content\/uploads\/2023\/08\/003-108-300x225.webp\" data-width=\"300\" data-height=\"225\" aria-label=\"\" role=\"img\" ><\/div>\n\t\t\t\t\t\t\t\t\t\t\t<div class=\"elementor-gallery-item__overlay\"><\/div>\n\t\t\t\t\t\t\t\t\t\t\t\t\t\t<\/a>\n\t\t\t\t\t\t\t<a class=\"e-gallery-item elementor-gallery-item elementor-animated-content\" href=\"https:\/\/www.beerrestaurant.cz\/wp-content\/uploads\/2023\/08\/003-68.webp\" data-elementor-open-lightbox=\"yes\" data-elementor-lightbox-slideshow=\"d4d090a\" data-e-action-hash=\"#elementor-action%3Aaction%3Dlightbox%26settings%3DeyJpZCI6MjA5MywidXJsIjoiaHR0cHM6XC9cL3d3dy5iZWVycmVzdGF1cmFudC5jelwvd3AtY29udGVudFwvdXBsb2Fkc1wvMjAyM1wvMDhcLzAwMy02OC53ZWJwIiwic2xpZGVzaG93IjoiZDRkMDkwYSJ9\">\n\t\t\t\t\t<div class=\"e-gallery-image elementor-gallery-item__image\" data-thumbnail=\"https:\/\/www.beerrestaurant.cz\/wp-content\/uploads\/2023\/08\/003-68-300x225.webp\" data-width=\"300\" data-height=\"225\" aria-label=\"\" role=\"img\" ><\/div>\n\t\t\t\t\t\t\t\t\t\t\t<div class=\"elementor-gallery-item__overlay\"><\/div>\n\t\t\t\t\t\t\t\t\t\t\t\t\t\t<\/a>\n\t\t\t\t\t\t\t<a class=\"e-gallery-item elementor-gallery-item elementor-animated-content\" href=\"https:\/\/www.beerrestaurant.cz\/wp-content\/uploads\/2023\/08\/003-58.webp\" data-elementor-open-lightbox=\"yes\" data-elementor-lightbox-slideshow=\"d4d090a\" data-e-action-hash=\"#elementor-action%3Aaction%3Dlightbox%26settings%3DeyJpZCI6MjA5MiwidXJsIjoiaHR0cHM6XC9cL3d3dy5iZWVycmVzdGF1cmFudC5jelwvd3AtY29udGVudFwvdXBsb2Fkc1wvMjAyM1wvMDhcLzAwMy01OC53ZWJwIiwic2xpZGVzaG93IjoiZDRkMDkwYSJ9\">\n\t\t\t\t\t<div class=\"e-gallery-image elementor-gallery-item__image\" data-thumbnail=\"https:\/\/www.beerrestaurant.cz\/wp-content\/uploads\/2023\/08\/003-58-300x225.webp\" data-width=\"300\" data-height=\"225\" aria-label=\"\" role=\"img\" ><\/div>\n\t\t\t\t\t\t\t\t\t\t\t<div class=\"elementor-gallery-item__overlay\"><\/div>\n\t\t\t\t\t\t\t\t\t\t\t\t\t\t<\/a>\n\t\t\t\t\t\t\t<a class=\"e-gallery-item elementor-gallery-item elementor-animated-content\" href=\"https:\/\/www.beerrestaurant.cz\/wp-content\/uploads\/2023\/08\/003-75.webp\" data-elementor-open-lightbox=\"yes\" data-elementor-lightbox-slideshow=\"d4d090a\" data-e-action-hash=\"#elementor-action%3Aaction%3Dlightbox%26settings%3DeyJpZCI6MjA3OSwidXJsIjoiaHR0cHM6XC9cL3d3dy5iZWVycmVzdGF1cmFudC5jelwvd3AtY29udGVudFwvdXBsb2Fkc1wvMjAyM1wvMDhcLzAwMy03NS53ZWJwIiwic2xpZGVzaG93IjoiZDRkMDkwYSJ9\">\n\t\t\t\t\t<div class=\"e-gallery-image elementor-gallery-item__image\" data-thumbnail=\"https:\/\/www.beerrestaurant.cz\/wp-content\/uploads\/2023\/08\/003-75-300x225.webp\" data-width=\"300\" data-height=\"225\" aria-label=\"\" role=\"img\" ><\/div>\n\t\t\t\t\t\t\t\t\t\t\t<div class=\"elementor-gallery-item__overlay\"><\/div>\n\t\t\t\t\t\t\t\t\t\t\t\t\t\t<\/a>\n\t\t\t\t\t\t\t<a class=\"e-gallery-item elementor-gallery-item elementor-animated-content\" href=\"https:\/\/www.beerrestaurant.cz\/wp-content\/uploads\/2023\/08\/003-42.webp\" data-elementor-open-lightbox=\"yes\" data-elementor-lightbox-slideshow=\"d4d090a\" data-e-action-hash=\"#elementor-action%3Aaction%3Dlightbox%26settings%3DeyJpZCI6MjA5MSwidXJsIjoiaHR0cHM6XC9cL3d3dy5iZWVycmVzdGF1cmFudC5jelwvd3AtY29udGVudFwvdXBsb2Fkc1wvMjAyM1wvMDhcLzAwMy00Mi53ZWJwIiwic2xpZGVzaG93IjoiZDRkMDkwYSJ9\">\n\t\t\t\t\t<div class=\"e-gallery-image elementor-gallery-item__image\" data-thumbnail=\"https:\/\/www.beerrestaurant.cz\/wp-content\/uploads\/2023\/08\/003-42-300x225.webp\" data-width=\"300\" data-height=\"225\" aria-label=\"\" role=\"img\" ><\/div>\n\t\t\t\t\t\t\t\t\t\t\t<div class=\"elementor-gallery-item__overlay\"><\/div>\n\t\t\t\t\t\t\t\t\t\t\t\t\t\t<\/a>\n\t\t\t\t\t\t\t<a class=\"e-gallery-item elementor-gallery-item elementor-animated-content\" href=\"https:\/\/www.beerrestaurant.cz\/wp-content\/uploads\/2023\/08\/003-37.webp\" data-elementor-open-lightbox=\"yes\" data-elementor-lightbox-slideshow=\"d4d090a\" data-e-action-hash=\"#elementor-action%3Aaction%3Dlightbox%26settings%3DeyJpZCI6MjA5MCwidXJsIjoiaHR0cHM6XC9cL3d3dy5iZWVycmVzdGF1cmFudC5jelwvd3AtY29udGVudFwvdXBsb2Fkc1wvMjAyM1wvMDhcLzAwMy0zNy53ZWJwIiwic2xpZGVzaG93IjoiZDRkMDkwYSJ9\">\n\t\t\t\t\t<div class=\"e-gallery-image elementor-gallery-item__image\" data-thumbnail=\"https:\/\/www.beerrestaurant.cz\/wp-content\/uploads\/2023\/08\/003-37-300x225.webp\" data-width=\"300\" data-height=\"225\" aria-label=\"\" role=\"img\" ><\/div>\n\t\t\t\t\t\t\t\t\t\t\t<div class=\"elementor-gallery-item__overlay\"><\/div>\n\t\t\t\t\t\t\t\t\t\t\t\t\t\t<\/a>\n\t\t\t\t\t\t\t<a class=\"e-gallery-item elementor-gallery-item elementor-animated-content\" href=\"https:\/\/www.beerrestaurant.cz\/wp-content\/uploads\/2023\/08\/003-26.webp\" data-elementor-open-lightbox=\"yes\" data-elementor-lightbox-slideshow=\"d4d090a\" data-e-action-hash=\"#elementor-action%3Aaction%3Dlightbox%26settings%3DeyJpZCI6MjA4OSwidXJsIjoiaHR0cHM6XC9cL3d3dy5iZWVycmVzdGF1cmFudC5jelwvd3AtY29udGVudFwvdXBsb2Fkc1wvMjAyM1wvMDhcLzAwMy0yNi53ZWJwIiwic2xpZGVzaG93IjoiZDRkMDkwYSJ9\">\n\t\t\t\t\t<div class=\"e-gallery-image elementor-gallery-item__image\" data-thumbnail=\"https:\/\/www.beerrestaurant.cz\/wp-content\/uploads\/2023\/08\/003-26-300x225.webp\" data-width=\"300\" data-height=\"225\" aria-label=\"\" role=\"img\" ><\/div>\n\t\t\t\t\t\t\t\t\t\t\t<div class=\"elementor-gallery-item__overlay\"><\/div>\n\t\t\t\t\t\t\t\t\t\t\t\t\t\t<\/a>\n\t\t\t\t\t\t\t<a class=\"e-gallery-item elementor-gallery-item elementor-animated-content\" href=\"https:\/\/www.beerrestaurant.cz\/wp-content\/uploads\/2023\/08\/003-22.webp\" data-elementor-open-lightbox=\"yes\" data-elementor-lightbox-slideshow=\"d4d090a\" data-e-action-hash=\"#elementor-action%3Aaction%3Dlightbox%26settings%3DeyJpZCI6MjA4OCwidXJsIjoiaHR0cHM6XC9cL3d3dy5iZWVycmVzdGF1cmFudC5jelwvd3AtY29udGVudFwvdXBsb2Fkc1wvMjAyM1wvMDhcLzAwMy0yMi53ZWJwIiwic2xpZGVzaG93IjoiZDRkMDkwYSJ9\">\n\t\t\t\t\t<div class=\"e-gallery-image elementor-gallery-item__image\" data-thumbnail=\"https:\/\/www.beerrestaurant.cz\/wp-content\/uploads\/2023\/08\/003-22-300x225.webp\" data-width=\"300\" data-height=\"225\" aria-label=\"\" role=\"img\" ><\/div>\n\t\t\t\t\t\t\t\t\t\t\t<div class=\"elementor-gallery-item__overlay\"><\/div>\n\t\t\t\t\t\t\t\t\t\t\t\t\t\t<\/a>\n\t\t\t\t\t\t\t<a class=\"e-gallery-item elementor-gallery-item elementor-animated-content\" href=\"https:\/\/www.beerrestaurant.cz\/wp-content\/uploads\/2023\/08\/003-9.webp\" data-elementor-open-lightbox=\"yes\" data-elementor-lightbox-slideshow=\"d4d090a\" data-e-action-hash=\"#elementor-action%3Aaction%3Dlightbox%26settings%3DeyJpZCI6MjA4NywidXJsIjoiaHR0cHM6XC9cL3d3dy5iZWVycmVzdGF1cmFudC5jelwvd3AtY29udGVudFwvdXBsb2Fkc1wvMjAyM1wvMDhcLzAwMy05LndlYnAiLCJzbGlkZXNob3ciOiJkNGQwOTBhIn0%3D\">\n\t\t\t\t\t<div class=\"e-gallery-image elementor-gallery-item__image\" data-thumbnail=\"https:\/\/www.beerrestaurant.cz\/wp-content\/uploads\/2023\/08\/003-9-300x225.webp\" data-width=\"300\" data-height=\"225\" aria-label=\"\" role=\"img\" ><\/div>\n\t\t\t\t\t\t\t\t\t\t\t<div class=\"elementor-gallery-item__overlay\"><\/div>\n\t\t\t\t\t\t\t\t\t\t\t\t\t\t<\/a>\n\t\t\t\t\t\t\t<a class=\"e-gallery-item elementor-gallery-item elementor-animated-content\" href=\"https:\/\/www.beerrestaurant.cz\/wp-content\/uploads\/2023\/08\/003-93.webp\" data-elementor-open-lightbox=\"yes\" data-elementor-lightbox-slideshow=\"d4d090a\" data-e-action-hash=\"#elementor-action%3Aaction%3Dlightbox%26settings%3DeyJpZCI6MjA4MywidXJsIjoiaHR0cHM6XC9cL3d3dy5iZWVycmVzdGF1cmFudC5jelwvd3AtY29udGVudFwvdXBsb2Fkc1wvMjAyM1wvMDhcLzAwMy05My53ZWJwIiwic2xpZGVzaG93IjoiZDRkMDkwYSJ9\">\n\t\t\t\t\t<div class=\"e-gallery-image elementor-gallery-item__image\" data-thumbnail=\"https:\/\/www.beerrestaurant.cz\/wp-content\/uploads\/2023\/08\/003-93-300x225.webp\" data-width=\"300\" data-height=\"225\" aria-label=\"\" role=\"img\" ><\/div>\n\t\t\t\t\t\t\t\t\t\t\t<div class=\"elementor-gallery-item__overlay\"><\/div>\n\t\t\t\t\t\t\t\t\t\t\t\t\t\t<\/a>\n\t\t\t\t\t\t\t<a class=\"e-gallery-item elementor-gallery-item elementor-animated-content\" href=\"https:\/\/www.beerrestaurant.cz\/wp-content\/uploads\/2023\/08\/003-7.webp\" data-elementor-open-lightbox=\"yes\" data-elementor-lightbox-slideshow=\"d4d090a\" data-e-action-hash=\"#elementor-action%3Aaction%3Dlightbox%26settings%3DeyJpZCI6MjA4NiwidXJsIjoiaHR0cHM6XC9cL3d3dy5iZWVycmVzdGF1cmFudC5jelwvd3AtY29udGVudFwvdXBsb2Fkc1wvMjAyM1wvMDhcLzAwMy03LndlYnAiLCJzbGlkZXNob3ciOiJkNGQwOTBhIn0%3D\">\n\t\t\t\t\t<div class=\"e-gallery-image elementor-gallery-item__image\" data-thumbnail=\"https:\/\/www.beerrestaurant.cz\/wp-content\/uploads\/2023\/08\/003-7-300x225.webp\" data-width=\"300\" data-height=\"225\" aria-label=\"\" role=\"img\" ><\/div>\n\t\t\t\t\t\t\t\t\t\t\t<div class=\"elementor-gallery-item__overlay\"><\/div>\n\t\t\t\t\t\t\t\t\t\t\t\t\t\t<\/a>\n\t\t\t\t\t\t\t<a class=\"e-gallery-item elementor-gallery-item elementor-animated-content\" href=\"https:\/\/www.beerrestaurant.cz\/wp-content\/uploads\/2023\/08\/002-2.webp\" data-elementor-open-lightbox=\"yes\" data-elementor-lightbox-slideshow=\"d4d090a\" data-e-action-hash=\"#elementor-action%3Aaction%3Dlightbox%26settings%3DeyJpZCI6MjA4NSwidXJsIjoiaHR0cHM6XC9cL3d3dy5iZWVycmVzdGF1cmFudC5jelwvd3AtY29udGVudFwvdXBsb2Fkc1wvMjAyM1wvMDhcLzAwMi0yLndlYnAiLCJzbGlkZXNob3ciOiJkNGQwOTBhIn0%3D\">\n\t\t\t\t\t<div class=\"e-gallery-image elementor-gallery-item__image\" data-thumbnail=\"https:\/\/www.beerrestaurant.cz\/wp-content\/uploads\/2023\/08\/002-2-300x225.webp\" data-width=\"300\" data-height=\"225\" aria-label=\"\" role=\"img\" ><\/div>\n\t\t\t\t\t\t\t\t\t\t\t<div class=\"elementor-gallery-item__overlay\"><\/div>\n\t\t\t\t\t\t\t\t\t\t\t\t\t\t<\/a>\n\t\t\t\t\t\t\t<a class=\"e-gallery-item elementor-gallery-item elementor-animated-content\" href=\"https:\/\/www.beerrestaurant.cz\/wp-content\/uploads\/2023\/08\/003-89.webp\" data-elementor-open-lightbox=\"yes\" data-elementor-lightbox-slideshow=\"d4d090a\" data-e-action-hash=\"#elementor-action%3Aaction%3Dlightbox%26settings%3DeyJpZCI6MjA4MiwidXJsIjoiaHR0cHM6XC9cL3d3dy5iZWVycmVzdGF1cmFudC5jelwvd3AtY29udGVudFwvdXBsb2Fkc1wvMjAyM1wvMDhcLzAwMy04OS53ZWJwIiwic2xpZGVzaG93IjoiZDRkMDkwYSJ9\">\n\t\t\t\t\t<div class=\"e-gallery-image elementor-gallery-item__image\" data-thumbnail=\"https:\/\/www.beerrestaurant.cz\/wp-content\/uploads\/2023\/08\/003-89-300x225.webp\" data-width=\"300\" data-height=\"225\" aria-label=\"\" role=\"img\" ><\/div>\n\t\t\t\t\t\t\t\t\t\t\t<div class=\"elementor-gallery-item__overlay\"><\/div>\n\t\t\t\t\t\t\t\t\t\t\t\t\t\t<\/a>\n\t\t\t\t\t\t\t<a class=\"e-gallery-item elementor-gallery-item elementor-animated-content\" href=\"https:\/\/www.beerrestaurant.cz\/wp-content\/uploads\/2023\/08\/003-85.webp\" data-elementor-open-lightbox=\"yes\" data-elementor-lightbox-slideshow=\"d4d090a\" data-e-action-hash=\"#elementor-action%3Aaction%3Dlightbox%26settings%3DeyJpZCI6MjA4MSwidXJsIjoiaHR0cHM6XC9cL3d3dy5iZWVycmVzdGF1cmFudC5jelwvd3AtY29udGVudFwvdXBsb2Fkc1wvMjAyM1wvMDhcLzAwMy04NS53ZWJwIiwic2xpZGVzaG93IjoiZDRkMDkwYSJ9\">\n\t\t\t\t\t<div class=\"e-gallery-image elementor-gallery-item__image\" data-thumbnail=\"https:\/\/www.beerrestaurant.cz\/wp-content\/uploads\/2023\/08\/003-85-300x225.webp\" data-width=\"300\" data-height=\"225\" aria-label=\"\" role=\"img\" ><\/div>\n\t\t\t\t\t\t\t\t\t\t\t<div class=\"elementor-gallery-item__overlay\"><\/div>\n\t\t\t\t\t\t\t\t\t\t\t\t\t\t<\/a>\n\t\t\t\t\t\t\t<a class=\"e-gallery-item elementor-gallery-item elementor-animated-content\" href=\"https:\/\/www.beerrestaurant.cz\/wp-content\/uploads\/2023\/08\/003-76.webp\" data-elementor-open-lightbox=\"yes\" data-elementor-lightbox-slideshow=\"d4d090a\" data-e-action-hash=\"#elementor-action%3Aaction%3Dlightbox%26settings%3DeyJpZCI6MjA4MCwidXJsIjoiaHR0cHM6XC9cL3d3dy5iZWVycmVzdGF1cmFudC5jelwvd3AtY29udGVudFwvdXBsb2Fkc1wvMjAyM1wvMDhcLzAwMy03Ni53ZWJwIiwic2xpZGVzaG93IjoiZDRkMDkwYSJ9\">\n\t\t\t\t\t<div class=\"e-gallery-image elementor-gallery-item__image\" data-thumbnail=\"https:\/\/www.beerrestaurant.cz\/wp-content\/uploads\/2023\/08\/003-76-300x225.webp\" data-width=\"300\" data-height=\"225\" aria-label=\"\" role=\"img\" ><\/div>\n\t\t\t\t\t\t\t\t\t\t\t<div class=\"elementor-gallery-item__overlay\"><\/div>\n\t\t\t\t\t\t\t\t\t\t\t\t\t\t<\/a>\n\t\t\t\t\t\t\t<a class=\"e-gallery-item elementor-gallery-item elementor-animated-content\" href=\"https:\/\/www.beerrestaurant.cz\/wp-content\/uploads\/2023\/08\/003-69.webp\" data-elementor-open-lightbox=\"yes\" data-elementor-lightbox-slideshow=\"d4d090a\" data-e-action-hash=\"#elementor-action%3Aaction%3Dlightbox%26settings%3DeyJpZCI6MjA3OCwidXJsIjoiaHR0cHM6XC9cL3d3dy5iZWVycmVzdGF1cmFudC5jelwvd3AtY29udGVudFwvdXBsb2Fkc1wvMjAyM1wvMDhcLzAwMy02OS53ZWJwIiwic2xpZGVzaG93IjoiZDRkMDkwYSJ9\">\n\t\t\t\t\t<div class=\"e-gallery-image elementor-gallery-item__image\" data-thumbnail=\"https:\/\/www.beerrestaurant.cz\/wp-content\/uploads\/2023\/08\/003-69-300x225.webp\" data-width=\"300\" data-height=\"225\" aria-label=\"\" role=\"img\" ><\/div>\n\t\t\t\t\t\t\t\t\t\t\t<div class=\"elementor-gallery-item__overlay\"><\/div>\n\t\t\t\t\t\t\t\t\t\t\t\t\t\t<\/a>\n\t\t\t\t\t<\/div>\n\t\t\t\t\t<\/div>\n\t\t\t\t<\/div>\n\t\t\t\t\t<\/div>\n\t\t\t\t<\/div>\n\t\t\t\t<\/div>","protected":false},"excerpt":{"rendered":"<p>Prohl\u00e9dn\u011bte si restauraci<\/p>","protected":false},"author":2,"featured_media":0,"parent":1702,"menu_order":0,"comment_status":"closed","ping_status":"closed","template":"","meta":{"footnotes":""},"folder":[31],"class_list":["post-1773","page","type-page","status-publish","hentry"],"_links":{"self":[{"href":"https:\/\/www.beerrestaurant.cz\/cs\/wp-json\/wp\/v2\/pages\/1773","targetHints":{"allow":["GET"]}}],"collection":[{"href":"https:\/\/www.beerrestaurant.cz\/cs\/wp-json\/wp\/v2\/pages"}],"about":[{"href":"https:\/\/www.beerrestaurant.cz\/cs\/wp-json\/wp\/v2\/types\/page"}],"author":[{"embeddable":true,"href":"https:\/\/www.beerrestaurant.cz\/cs\/wp-json\/wp\/v2\/users\/2"}],"replies":[{"embeddable":true,"href":"https:\/\/www.beerrestaurant.cz\/cs\/wp-json\/wp\/v2\/comments?post=1773"}],"version-history":[{"count":8,"href":"https:\/\/www.beerrestaurant.cz\/cs\/wp-json\/wp\/v2\/pages\/1773\/revisions"}],"predecessor-version":[{"id":2230,"href":"https:\/\/www.beerrestaurant.cz\/cs\/wp-json\/wp\/v2\/pages\/1773\/revisions\/2230"}],"up":[{"embeddable":true,"href":"https:\/\/www.beerrestaurant.cz\/cs\/wp-json\/wp\/v2\/pages\/1702"}],"wp:attachment":[{"href":"https:\/\/www.beerrestaurant.cz\/cs\/wp-json\/wp\/v2\/media?parent=1773"}],"wp:term":[{"taxonomy":"folder","embeddable":true,"href":"https:\/\/www.beerrestaurant.cz\/cs\/wp-json\/wp\/v2\/folder?post=1773"}],"curies":[{"name":"wp","href":"https:\/\/api.w.org\/{rel}","templated":true}]}}