{"id":1769,"date":"2023-06-22T11:21:47","date_gmt":"2023-06-22T11:21:47","guid":{"rendered":"https:\/\/www.beerrestaurant.cz\/?page_id=1769"},"modified":"2023-08-28T12:45:07","modified_gmt":"2023-08-28T12:45:07","slug":"drinks","status":"publish","type":"page","link":"https:\/\/www.beerrestaurant.cz\/cs\/u-cerneho-medveda\/drinks\/","title":{"rendered":"U \u010cern\u00e9ho Medv\u011bda Drinks"},"content":{"rendered":"<div data-elementor-type=\"wp-page\" data-elementor-id=\"1769\" class=\"elementor elementor-1769\" data-elementor-post-type=\"page\">\n\t\t\t\t<div class=\"elementor-element elementor-element-191e8ca e-flex e-con-boxed e-con e-parent\" data-id=\"191e8ca\" data-element_type=\"container\" data-settings=\"{&quot;_ob_use_container_extras&quot;:&quot;no&quot;,&quot;_ob_column_hoveranimator&quot;:&quot;no&quot;,&quot;_ob_glider_is_slider&quot;:&quot;no&quot;,&quot;_ob_column_has_pseudo&quot;:&quot;no&quot;}\">\n\t\t\t\t\t<div class=\"e-con-inner\">\n\t\t\t\t<div class=\"elementor-element elementor-element-1bd4cea ob-harakiri-inherit ob-has-background-overlay elementor-widget elementor-widget-heading\" data-id=\"1bd4cea\" data-element_type=\"widget\" data-settings=\"{&quot;_ob_use_harakiri&quot;:&quot;yes&quot;,&quot;_ob_harakiri_writing_mode&quot;:&quot;inherit&quot;,&quot;_ob_harakiri_text_clip&quot;:&quot;none&quot;,&quot;_ob_widget_stalker_use&quot;:&quot;no&quot;,&quot;_ob_poopart_use&quot;:&quot;yes&quot;,&quot;_ob_shadough_use&quot;:&quot;no&quot;,&quot;_ob_allow_hoveranimator&quot;:&quot;no&quot;}\" data-widget_type=\"heading.default\">\n\t\t\t\t<div class=\"elementor-widget-container\">\n\t\t\t\t\t<h2 class=\"elementor-heading-title elementor-size-default\">N\u00e1pojov\u00fd l\u00edstek<\/h2>\t\t\t\t<\/div>\n\t\t\t\t<\/div>\n\t\t<div class=\"elementor-element elementor-element-236461e e-con-full e-flex e-con e-parent\" data-id=\"236461e\" data-element_type=\"container\" data-settings=\"{&quot;_ob_use_container_extras&quot;:&quot;no&quot;,&quot;_ob_column_hoveranimator&quot;:&quot;no&quot;,&quot;_ob_glider_is_slider&quot;:&quot;no&quot;,&quot;_ob_column_has_pseudo&quot;:&quot;no&quot;}\">\n\t\t<div class=\"elementor-element elementor-element-4ae6652 e-con-full e-flex e-con e-parent\" data-id=\"4ae6652\" data-element_type=\"container\" data-settings=\"{&quot;_ob_use_container_extras&quot;:&quot;no&quot;,&quot;_ob_column_hoveranimator&quot;:&quot;no&quot;,&quot;_ob_glider_is_slider&quot;:&quot;no&quot;,&quot;_ob_column_has_pseudo&quot;:&quot;no&quot;}\">\n\t\t\t\t<div class=\"elementor-element elementor-element-b9c1d82 ob-has-background-overlay elementor-widget elementor-widget-shortcode\" data-id=\"b9c1d82\" data-element_type=\"widget\" data-settings=\"{&quot;_ob_widget_stalker_use&quot;:&quot;no&quot;,&quot;_ob_poopart_use&quot;:&quot;yes&quot;,&quot;_ob_shadough_use&quot;:&quot;no&quot;,&quot;_ob_allow_hoveranimator&quot;:&quot;no&quot;}\" data-widget_type=\"shortcode.default\">\n\t\t\t\t<div class=\"elementor-widget-container\">\n\t\t\t\t\t\t\t<div class=\"elementor-shortcode\">\n<table id=\"tablepress-27\" class=\"tablepress tablepress-id-27 tbody-has-connected-cells\">\n<thead>\n<tr class=\"row-1\">\n\t<th colspan=\"2\" class=\"column-1\">Pivo<\/th>\n<\/tr>\n<\/thead>\n<tbody class=\"row-striping row-hover\">\n<tr class=\"row-2\">\n\t<td class=\"column-1\">Staropramen 11\u00b0 \"hladinka\" 0,5l<\/td><td class=\"column-2\">89,-<\/td>\n<\/tr>\n<tr class=\"row-3\">\n\t<td class=\"column-1\">Staropramen 11\u00b0 \"hladinka\" 0,3l<\/td><td class=\"column-2\">59,-<\/td>\n<\/tr>\n<tr class=\"row-4\">\n\t<td class=\"column-1\">Staropramen 11\u00b0 \"\u0161nyt\"<\/td><td class=\"column-2\">59,-<\/td>\n<\/tr>\n<tr class=\"row-5\">\n\t<td class=\"column-1\">Staropramen 11\u00b0 \"ml\u00edko\"<\/td><td class=\"column-2\">59,-<\/td>\n<\/tr>\n<tr class=\"row-6\">\n\t<td class=\"column-1\">Staropramen 12\u00b0 0,5l<\/td><td class=\"column-2\">99,-<\/td>\n<\/tr>\n<tr class=\"row-7\">\n\t<td class=\"column-1\">Staropramen 12\u00b0 0,3l<\/td><td class=\"column-2\">64,-<\/td>\n<\/tr>\n<tr class=\"row-8\">\n\t<td class=\"column-1\">Staropramen 12\u00b0 \"\u0161nyt\"<\/td><td class=\"column-2\">64,-<\/td>\n<\/tr>\n<tr class=\"row-9\">\n\t<td class=\"column-1\">Staropramen 12\u00b0 \"ml\u00edko\"<\/td><td class=\"column-2\">64,-<\/td>\n<\/tr>\n<tr class=\"row-10\">\n\t<td class=\"column-1\">\u010cern\u00e1 Barbora 0,4l<\/td><td class=\"column-2\">89,-<\/td>\n<\/tr>\n<tr class=\"row-11\">\n\t<td class=\"column-1\">Staropramen Cool Grep nealko 0,5l<\/td><td class=\"column-2\">89,-<\/td>\n<\/tr>\n<tr class=\"row-12\">\n\t<td class=\"column-1\">Staropramen Cool Grep nealko 0,3l<\/td><td class=\"column-2\">59,-<\/td>\n<\/tr>\n<tr class=\"row-13\">\n\t<td colspan=\"2\" class=\"column-1\">Lahvov\u00e9 pivo<\/td>\n<\/tr>\n<tr class=\"row-14\">\n\t<td class=\"column-1\">Staropramen nealko 0,33l<\/td><td class=\"column-2\">69,-<\/td>\n<\/tr>\n<tr class=\"row-15\">\n\t<td class=\"column-1\">Bernard bezlepkov\u00fd 0,5l<\/td><td class=\"column-2\">99,-<\/td>\n<\/tr>\n<tr class=\"row-16\">\n\t<td class=\"column-1\">Cider 0,33l<\/td><td class=\"column-2\">89,-<\/td>\n<\/tr>\n<tr class=\"row-17\">\n\t<td colspan=\"2\" class=\"column-1\">V\u00edno<\/td>\n<\/tr>\n<tr class=\"row-18\">\n\t<td class=\"column-1\"><b>V na\u0161em vinn\u00e9m l\u00edstku najdete v\u00fdb\u011br \u010derven\u00fdch, b\u00edl\u00fdch a r\u016f\u017eov\u00fdch v\u00edn. <\/b><\/td><td class=\"column-2\"><\/td>\n<\/tr>\n<tr class=\"row-19\">\n\t<td class=\"column-1\">Prosecco Frizzante\/Italy 0,1l<\/td><td class=\"column-2\">95,-<\/td>\n<\/tr>\n<tr class=\"row-20\">\n\t<td class=\"column-1\">Prosecco Frizzante\/Italy 0,75l<\/td><td class=\"column-2\">595,-<\/td>\n<\/tr>\n<tr class=\"row-21\">\n\t<td colspan=\"2\" class=\"column-1\">\u010cesk\u00e9 dobroty (4cl)<\/td>\n<\/tr>\n<tr class=\"row-22\">\n\t<td class=\"column-1\">Becherovka<\/td><td class=\"column-2\">99,-<\/td>\n<\/tr>\n<tr class=\"row-23\">\n\t<td class=\"column-1\">Becherovka Lemond<\/td><td class=\"column-2\">99,-<\/td>\n<\/tr>\n<tr class=\"row-24\">\n\t<td class=\"column-1\">Slivovice Fleret<\/td><td class=\"column-2\">99,-<\/td>\n<\/tr>\n<tr class=\"row-25\">\n\t<td class=\"column-1\">Hru\u0161kovice Fleret<\/td><td class=\"column-2\">99,-<\/td>\n<\/tr>\n<tr class=\"row-26\">\n\t<td class=\"column-1\">Fernet<\/td><td class=\"column-2\">99,-<\/td>\n<\/tr>\n<tr class=\"row-27\">\n\t<td class=\"column-1\">Fernet Citrus<\/td><td class=\"column-2\">99,-<\/td>\n<\/tr>\n<tr class=\"row-28\">\n\t<td class=\"column-1\"><br><br><b>Baron Hildebrandt (4cl)<\/b><\/td><td class=\"column-2\"><\/td>\n<\/tr>\n<tr class=\"row-29\">\n\t<td class=\"column-1\">Ze Zral\u00fdch Hru\u0161ek<\/td><td class=\"column-2\">155,-<\/td>\n<\/tr>\n<tr class=\"row-30\">\n\t<td class=\"column-1\">Ze Zral\u00fdch Malin<\/td><td class=\"column-2\">155,-<\/td>\n<\/tr>\n<tr class=\"row-31\">\n\t<td class=\"column-1\">Ze Zral\u00fdch \u0160vestek<\/td><td class=\"column-2\">155,-<\/td>\n<\/tr>\n<tr class=\"row-32\">\n\t<td class=\"column-1\">Ze Zral\u00fdch Merun\u011bk<\/td><td class=\"column-2\">155,-<\/td>\n<\/tr>\n<tr class=\"row-33\">\n\t<td class=\"column-1\"><br><br><b>Bartida (4cl)<\/b><\/td><td class=\"column-2\"><\/td>\n<\/tr>\n<tr class=\"row-34\">\n\t<td class=\"column-1\">Vaje\u010d\u0148\u00e1k 17%<\/td><td class=\"column-2\">99,-<\/td>\n<\/tr>\n<tr class=\"row-35\">\n\t<td class=\"column-1\">Zelen\u00e1 20%<\/td><td class=\"column-2\">99,-<\/td>\n<\/tr>\n<tr class=\"row-36\">\n\t<td class=\"column-1\">Griotka 20%<\/td><td class=\"column-2\">99,-<\/td>\n<\/tr>\n<tr class=\"row-37\">\n\t<td class=\"column-1\">Tuzem\u00e1k 37,5%<\/td><td class=\"column-2\">99,-<\/td>\n<\/tr>\n<\/tbody>\n<\/table>\n<!-- #tablepress-27 from cache --><\/div>\n\t\t\t\t\t\t<\/div>\n\t\t\t\t<\/div>\n\t\t\t\t<\/div>\n\t\t<div class=\"elementor-element elementor-element-cf41afd e-con-full e-flex e-con e-parent\" data-id=\"cf41afd\" data-element_type=\"container\" data-settings=\"{&quot;_ob_use_container_extras&quot;:&quot;no&quot;,&quot;_ob_column_hoveranimator&quot;:&quot;no&quot;,&quot;_ob_glider_is_slider&quot;:&quot;no&quot;,&quot;_ob_column_has_pseudo&quot;:&quot;no&quot;}\">\n\t\t\t\t<div class=\"elementor-element elementor-element-b3b81a1 ob-has-background-overlay elementor-widget elementor-widget-shortcode\" data-id=\"b3b81a1\" data-element_type=\"widget\" data-settings=\"{&quot;_ob_widget_stalker_use&quot;:&quot;no&quot;,&quot;_ob_poopart_use&quot;:&quot;yes&quot;,&quot;_ob_shadough_use&quot;:&quot;no&quot;,&quot;_ob_allow_hoveranimator&quot;:&quot;no&quot;}\" data-widget_type=\"shortcode.default\">\n\t\t\t\t<div class=\"elementor-widget-container\">\n\t\t\t\t\t\t\t<div class=\"elementor-shortcode\">\n<table id=\"tablepress-26\" class=\"tablepress tablepress-id-26 tbody-has-connected-cells\">\n<thead>\n<tr class=\"row-1\">\n\t<th colspan=\"2\" class=\"column-1\">Pan\u00e1\u010dky (4cl)<\/th>\n<\/tr>\n<\/thead>\n<tbody class=\"row-striping row-hover\">\n<tr class=\"row-2\">\n\t<td class=\"column-1\">Absolut Blue<\/td><td class=\"column-2\">110,-<\/td>\n<\/tr>\n<tr class=\"row-3\">\n\t<td class=\"column-1\">Koskenkorva Peach<\/td><td class=\"column-2\">110,-<\/td>\n<\/tr>\n<tr class=\"row-4\">\n\t<td class=\"column-1\">Havana 3 y.o.<\/td><td class=\"column-2\">110,-<\/td>\n<\/tr>\n<tr class=\"row-5\">\n\t<td class=\"column-1\">Diplomatico Reserva Exclusiva<\/td><td class=\"column-2\">155,-<\/td>\n<\/tr>\n<tr class=\"row-6\">\n\t<td class=\"column-1\">Jameson<\/td><td class=\"column-2\">110,-<\/td>\n<\/tr>\n<tr class=\"row-7\">\n\t<td class=\"column-1\">Chivas Regal 12 y.o.<\/td><td class=\"column-2\">125,-<\/td>\n<\/tr>\n<tr class=\"row-8\">\n\t<td class=\"column-1\">Jack Daniels<\/td><td class=\"column-2\">125,-<\/td>\n<\/tr>\n<tr class=\"row-9\">\n\t<td class=\"column-1\">Beefeater<\/td><td class=\"column-2\">110,-<\/td>\n<\/tr>\n<tr class=\"row-10\">\n\t<td class=\"column-1\">Beefeater Pink<\/td><td class=\"column-2\">125,-<\/td>\n<\/tr>\n<tr class=\"row-11\">\n\t<td class=\"column-1\">Olmeca Silver<\/td><td class=\"column-2\">115,-<\/td>\n<\/tr>\n<tr class=\"row-12\">\n\t<td class=\"column-1\">Olmeca Gold<\/td><td class=\"column-2\">115,-<\/td>\n<\/tr>\n<tr class=\"row-13\">\n\t<td class=\"column-1\">Hennessy V.S.<\/td><td class=\"column-2\">125,-<\/td>\n<\/tr>\n<tr class=\"row-14\">\n\t<td class=\"column-1\">J\u00e4germeister<\/td><td class=\"column-2\">125,-<\/td>\n<\/tr>\n<tr class=\"row-15\">\n\t<td class=\"column-1\">Bailey\u2019s 6cl<\/td><td class=\"column-2\">115,-<\/td>\n<\/tr>\n<tr class=\"row-16\">\n\t<td class=\"column-1\">Aperol \/ Aperol Spritz 6cl<\/td><td class=\"column-2\">115,- \/ 175,-<\/td>\n<\/tr>\n<tr class=\"row-17\">\n\t<td class=\"column-1\">Martini Fiero \/ Fiero Spritz 6cl<\/td><td class=\"column-2\">115,- \/ 175,-<\/td>\n<\/tr>\n<tr class=\"row-18\">\n\t<td class=\"column-1\">Campari \/ Campari Orange 6cl<\/td><td class=\"column-2\">115,- \/ 175,-<\/td>\n<\/tr>\n<tr class=\"row-19\">\n\t<td colspan=\"2\" class=\"column-1\">Nealko n\u00e1poje<\/td>\n<\/tr>\n<tr class=\"row-20\">\n\t<td class=\"column-1\">Pepsi\/7UP\/Mirinda\/Pepsi Max 0.33l<\/td><td class=\"column-2\">70,-<\/td>\n<\/tr>\n<tr class=\"row-21\">\n\t<td class=\"column-1\">Schweppes Tonic \/ Ginger Ale<\/td><td class=\"column-2\">79,-<\/td>\n<\/tr>\n<tr class=\"row-22\">\n\t<td class=\"column-1\">Kinley Ginger Ale\/Bitter Lemon 0,25l<\/td><td class=\"column-2\">79,-<\/td>\n<\/tr>\n<tr class=\"row-23\">\n\t<td class=\"column-1\">Voda sycen\u00e1\/nesycen\u00e1 0,33l<\/td><td class=\"column-2\">60,-<\/td>\n<\/tr>\n<tr class=\"row-24\">\n\t<td class=\"column-1\">Voda sycen\u00e1\/nesycen\u00e1 0,75l<\/td><td class=\"column-2\">125,-<\/td>\n<\/tr>\n<tr class=\"row-25\">\n\t<td class=\"column-1\">Juice orange\/apple\/pear 0.3l<\/td><td class=\"column-2\">75,-<\/td>\n<\/tr>\n<tr class=\"row-26\">\n\t<td class=\"column-1\">Juice orange\/apple\/pear 0.5l<\/td><td class=\"column-2\">99,-<\/td>\n<\/tr>\n<tr class=\"row-27\">\n\t<td class=\"column-1\">Red Bull 0,25l<\/td><td class=\"column-2\">99,-<\/td>\n<\/tr>\n<tr class=\"row-28\">\n\t<td class=\"column-1\">Ice Tea 0.25l<\/td><td class=\"column-2\">75,-<\/td>\n<\/tr>\n<tr class=\"row-29\">\n\t<td class=\"column-1\">Lemonade\/Raspberry lemonade 0,3l<\/td><td class=\"column-2\">99,-<\/td>\n<\/tr>\n<tr class=\"row-30\">\n\t<td class=\"column-1\">Iced Coffee<\/td><td class=\"column-2\">115,-<\/td>\n<\/tr>\n<tr class=\"row-31\">\n\t<td colspan=\"2\" class=\"column-1\">Tepl\u00e9 n\u00e1poje<\/td>\n<\/tr>\n<tr class=\"row-32\">\n\t<td class=\"column-1\">Espresso\/Lungo\/Americano<\/td><td class=\"column-2\">75,-<\/td>\n<\/tr>\n<tr class=\"row-33\">\n\t<td class=\"column-1\">Cappuccino \/ Caf\u00e9 Latte<\/td><td class=\"column-2\">95,-<\/td>\n<\/tr>\n<tr class=\"row-34\">\n\t<td class=\"column-1\">Flat White<\/td><td class=\"column-2\">95,-<\/td>\n<\/tr>\n<tr class=\"row-35\">\n\t<td class=\"column-1\">Double Espresso<\/td><td class=\"column-2\">95,-<\/td>\n<\/tr>\n<tr class=\"row-36\">\n\t<td class=\"column-1\">Decaf Coffee<\/td><td class=\"column-2\">95,-<\/td>\n<\/tr>\n<tr class=\"row-37\">\n\t<td class=\"column-1\">Hork\u00e1 \u010cokolada<\/td><td class=\"column-2\">85,-<\/td>\n<\/tr>\n<tr class=\"row-38\">\n\t<td class=\"column-1\">\u010caj \u010dern\u00fd\/ovocn\u00fd<\/td><td class=\"column-2\">65,-<\/td>\n<\/tr>\n<tr class=\"row-39\">\n\t<td class=\"column-1\">V\u00edde\u0148sk\u00e1 k\u00e1va<\/td><td class=\"column-2\">95,-<\/td>\n<\/tr>\n<tr class=\"row-40\">\n\t<td class=\"column-1\">Irsk\u00e1 k\u00e1va<\/td><td class=\"column-2\">155,-<\/td>\n<\/tr>\n<tr class=\"row-41\">\n\t<td class=\"column-1\">K\u00e1va s Becherovkou<\/td><td class=\"column-2\">145,-<\/td>\n<\/tr>\n<tr class=\"row-42\">\n\t<td class=\"column-1\">Mulled Wine<\/td><td class=\"column-2\">145,-<\/td>\n<\/tr>\n<tr class=\"row-43\">\n\t<td class=\"column-1\">Grog<\/td><td class=\"column-2\">125,-<\/td>\n<\/tr>\n<\/tbody>\n<\/table>\n<!-- #tablepress-26 from cache --><\/div>\n\t\t\t\t\t\t<\/div>\n\t\t\t\t<\/div>\n\t\t\t\t<\/div>\n\t\t\t\t<\/div>\n\t\t\t\t\t<\/div>\n\t\t\t\t<\/div>\n\t\t\t\t<\/div>","protected":false},"excerpt":{"rendered":"<p>N\u00e1pojov\u00fd l\u00edstek<\/p>","protected":false},"author":2,"featured_media":0,"parent":1702,"menu_order":0,"comment_status":"closed","ping_status":"closed","template":"","meta":{"footnotes":""},"folder":[31],"class_list":["post-1769","page","type-page","status-publish","hentry"],"_links":{"self":[{"href":"https:\/\/www.beerrestaurant.cz\/cs\/wp-json\/wp\/v2\/pages\/1769","targetHints":{"allow":["GET"]}}],"collection":[{"href":"https:\/\/www.beerrestaurant.cz\/cs\/wp-json\/wp\/v2\/pages"}],"about":[{"href":"https:\/\/www.beerrestaurant.cz\/cs\/wp-json\/wp\/v2\/types\/page"}],"author":[{"embeddable":true,"href":"https:\/\/www.beerrestaurant.cz\/cs\/wp-json\/wp\/v2\/users\/2"}],"replies":[{"embeddable":true,"href":"https:\/\/www.beerrestaurant.cz\/cs\/wp-json\/wp\/v2\/comments?post=1769"}],"version-history":[{"count":5,"href":"https:\/\/www.beerrestaurant.cz\/cs\/wp-json\/wp\/v2\/pages\/1769\/revisions"}],"predecessor-version":[{"id":2395,"href":"https:\/\/www.beerrestaurant.cz\/cs\/wp-json\/wp\/v2\/pages\/1769\/revisions\/2395"}],"up":[{"embeddable":true,"href":"https:\/\/www.beerrestaurant.cz\/cs\/wp-json\/wp\/v2\/pages\/1702"}],"wp:attachment":[{"href":"https:\/\/www.beerrestaurant.cz\/cs\/wp-json\/wp\/v2\/media?parent=1769"}],"wp:term":[{"taxonomy":"folder","embeddable":true,"href":"https:\/\/www.beerrestaurant.cz\/cs\/wp-json\/wp\/v2\/folder?post=1769"}],"curies":[{"name":"wp","href":"https:\/\/api.w.org\/{rel}","templated":true}]}}